{"id":2171,"date":"2025-07-21T07:41:07","date_gmt":"2025-07-21T05:41:07","guid":{"rendered":"https:\/\/demosites.royal-elementor-addons.com\/life-coaching-v1\/?page_id=13"},"modified":"2026-03-31T07:57:43","modified_gmt":"2026-03-31T05:57:43","slug":"koltoztetes-budapest","status":"publish","type":"page","link":"https:\/\/www.palficargo.hu\/en\/koltoztetes-budapest","title":{"rendered":"Moving Services in Budapest"},"content":{"rendered":"<div data-elementor-type=\"wp-page\" data-elementor-id=\"2171\" class=\"elementor elementor-2171\" data-elementor-post-type=\"page\">\n\t\t\t\t<div data-particle_enable=\"false\" data-particle-mobile-disabled=\"false\" class=\"elementor-element elementor-element-2a9bb7f e-flex e-con-boxed wpr-particle-no wpr-jarallax-no wpr-parallax-no wpr-sticky-section-no wpr-equal-height-no e-con e-parent\" data-id=\"2a9bb7f\" data-element_type=\"container\" data-e-type=\"container\" data-settings=\"{&quot;background_background&quot;:&quot;classic&quot;}\">\n\t\t\t\t\t<div class=\"e-con-inner\">\n\t\t<div data-particle_enable=\"false\" data-particle-mobile-disabled=\"false\" class=\"elementor-element elementor-element-31d4b69 e-con-full e-flex wpr-particle-no wpr-jarallax-no wpr-parallax-no wpr-sticky-section-no wpr-equal-height-no e-con e-child\" data-id=\"31d4b69\" data-element_type=\"container\" data-e-type=\"container\">\n\t\t\t\t<div class=\"elementor-element elementor-element-b04a5b5 elementor-widget elementor-widget-heading\" data-id=\"b04a5b5\" data-element_type=\"widget\" data-e-type=\"widget\" data-widget_type=\"heading.default\">\n\t\t\t\t\t<h2 class=\"elementor-heading-title elementor-size-default\">Services<\/h2>\t\t\t\t<\/div>\n\t\t\t\t<div class=\"elementor-element elementor-element-16a4e14 elementor-widget elementor-widget-heading\" data-id=\"16a4e14\" data-element_type=\"widget\" data-e-type=\"widget\" data-widget_type=\"heading.default\">\n\t\t\t\t\t<h1 class=\"elementor-heading-title elementor-size-default\">Budapest Moving Services<\/h1>\t\t\t\t<\/div>\n\t\t\t\t<\/div>\n\t\t\t\t\t<\/div>\n\t\t\t\t<\/div>\n\t\t<div data-particle_enable=\"false\" data-particle-mobile-disabled=\"false\" class=\"elementor-element elementor-element-92e6953 e-flex e-con-boxed wpr-particle-no wpr-jarallax-no wpr-parallax-no wpr-sticky-section-no wpr-equal-height-no e-con e-parent\" data-id=\"92e6953\" data-element_type=\"container\" data-e-type=\"container\">\n\t\t\t\t\t<div class=\"e-con-inner\">\n\t\t<div data-particle_enable=\"false\" data-particle-mobile-disabled=\"false\" class=\"elementor-element elementor-element-79fb8a4 e-con-full e-flex wpr-particle-no wpr-jarallax-no wpr-parallax-no wpr-sticky-section-no wpr-equal-height-no e-con e-child\" data-id=\"79fb8a4\" data-element_type=\"container\" data-e-type=\"container\">\n\t\t\t\t<div class=\"elementor-element elementor-element-4cf4365 elementor-widget-mobile__width-initial elementor-widget elementor-widget-text-editor\" data-id=\"4cf4365\" data-element_type=\"widget\" data-e-type=\"widget\" data-widget_type=\"text-editor.default\">\n\t\t\t\t\t\t\t\t\t<p class=\"p3 translation-block\">P\u00e1lfi Cargo offers professional moving services in Budapest for both private individuals and businesses. Whether it is a move within Budapest, moving from Budapest to the countryside, or moving from the countryside to Budapest, we provide a personalized, precise, and secure solution in every case.<\/p><h2><b>Full-service moving in Budapest and the surrounding area<\/b><\/h2><p class=\"p3\">Moving in the capital requires special experience due to traffic, parking conditions, multi-story buildings, and narrow staircases. Our team works in Budapest on a daily basis, so these challenges are not obstacles for us but part of our routine work.<\/p><h3 class=\"p4\"><b>Advantages of our service:<\/b><b><\/b><\/h3><ul><li><p class=\"p1\"><b>Fast and punctual arrival even within Budapest<\/b><b><\/b><\/p><\/li><li><p class=\"p1 translation-block\">Professional packing and securing for damage-free transportation<\/p><\/li><li><p class=\"p1\"><b>Professional disassembly and reassembly of furniture<\/b><b><\/b><\/p><\/li><li><p class=\"p1 translation-block\">Flexible scheduling, including weekends<\/p><\/li><li><p class=\"p1\"><b>Residential and office moving in Budapest<br \/><br \/><\/b><\/p><\/li><\/ul><h3><b>Moving from Budapest to the countryside<\/b><\/h3><p class=\"p3 translation-block\">If you are moving from the capital to a rural area, precise organization and timing are especially important. P\u00e1lfi Cargo has extensive experience in moving from Budapest to the countryside, whether it involves an apartment, a family house, or a holiday home. We transport your belongings safely and on time to any location within the country.<\/p><h3><b>Moving from the countryside to Budapest<\/b><\/h3><p class=\"p3 translation-block\">Are you moving to Budapest due to work, studies, or a new life situation? We ensure that moving from the countryside to Budapest is smooth and well-organized. We are familiar with the specific conditions of Budapest, making the entire process fast and hassle-free.<\/p><h3><b>Transparent moving prices<\/b><\/h3><p class=\"p3\">With us, there are no hidden costs. Before the move in Budapest, we clarify every detail, provide a precise quotation, and fully adhere to the agreed terms.<\/p>\t\t\t\t\t\t\t\t<\/div>\n\t\t<div data-particle_enable=\"false\" data-particle-mobile-disabled=\"false\" class=\"elementor-element elementor-element-6dc7a84 e-grid e-con-full wpr-particle-no wpr-jarallax-no wpr-parallax-no wpr-sticky-section-no wpr-equal-height-no e-con e-child\" data-id=\"6dc7a84\" data-element_type=\"container\" data-e-type=\"container\">\n\t\t\t\t<div class=\"elementor-element elementor-element-ef4cacb elementor-align-center elementor-widget elementor-widget-button\" data-id=\"ef4cacb\" data-element_type=\"widget\" data-e-type=\"widget\" data-widget_type=\"button.default\">\n\t\t\t\t\t\t\t\t\t\t<a class=\"elementor-button elementor-button-link elementor-size-sm\" href=\"https:\/\/www.palficargo.hu\/en\/koltoztetes-arajanlat\/\">\n\t\t\t\t\t\t<span class=\"elementor-button-content-wrapper\">\n\t\t\t\t\t\t\t\t\t<span class=\"elementor-button-text\">Express price quote<\/span>\n\t\t\t\t\t<\/span>\n\t\t\t\t\t<\/a>\n\t\t\t\t\t\t\t\t<\/div>\n\t\t\t\t<\/div>\n\t\t\t\t<\/div>\n\t\t<div data-particle_enable=\"false\" data-particle-mobile-disabled=\"false\" class=\"elementor-element elementor-element-0a3387e e-con-full e-flex wpr-particle-no wpr-jarallax-no wpr-parallax-no wpr-sticky-section-no wpr-equal-height-no e-con e-child\" data-id=\"0a3387e\" data-element_type=\"container\" data-e-type=\"container\">\n\t\t\t\t<div class=\"elementor-element elementor-element-87a412f elementor-widget elementor-widget-image\" data-id=\"87a412f\" data-element_type=\"widget\" data-e-type=\"widget\" data-widget_type=\"image.default\">\n\t\t\t\t\t\t\t\t\t\t\t\t\t\t\t<img fetchpriority=\"high\" decoding=\"async\" width=\"800\" height=\"710\" src=\"https:\/\/www.palficargo.hu\/wp-content\/uploads\/2025\/11\/moving_01.jpg\" class=\"attachment-full size-full wp-image-3221\" alt=\"K\u00f6lt\u00f6ztet\u00e9s Budapesten bel\u00fcl, Budapestr\u0151l vid\u00e9kre, vid\u00e9kr\u0151l Budapestre\" srcset=\"https:\/\/www.palficargo.hu\/wp-content\/uploads\/2025\/11\/moving_01.jpg 800w, https:\/\/www.palficargo.hu\/wp-content\/uploads\/2025\/11\/moving_01-300x266.jpg 300w, https:\/\/www.palficargo.hu\/wp-content\/uploads\/2025\/11\/moving_01-768x682.jpg 768w\" sizes=\"(max-width: 800px) 100vw, 800px\" \/>\t\t\t\t\t\t\t\t\t\t\t\t\t\t\t<\/div>\n\t\t\t\t<\/div>\n\t\t\t\t\t<\/div>\n\t\t\t\t<\/div>\n\t\t<div data-particle_enable=\"false\" data-particle-mobile-disabled=\"false\" class=\"elementor-element elementor-element-f1db5f9 e-flex e-con-boxed wpr-particle-no wpr-jarallax-no wpr-parallax-no wpr-sticky-section-no wpr-equal-height-no e-con e-parent\" data-id=\"f1db5f9\" data-element_type=\"container\" data-e-type=\"container\" data-settings=\"{&quot;background_background&quot;:&quot;classic&quot;}\">\n\t\t\t\t\t<div class=\"e-con-inner\">\n\t\t\t\t<div class=\"elementor-element elementor-element-d60cd81 elementor-skin-carousel elementor-arrows-yes elementor-pagination-type-bullets elementor-pagination-position-outside elementor-widget elementor-widget-media-carousel\" data-id=\"d60cd81\" data-element_type=\"widget\" data-e-type=\"widget\" data-settings=\"{&quot;slides_per_view&quot;:&quot;5&quot;,&quot;autoplay_speed&quot;:3500,&quot;skin&quot;:&quot;carousel&quot;,&quot;effect&quot;:&quot;slide&quot;,&quot;show_arrows&quot;:&quot;yes&quot;,&quot;pagination&quot;:&quot;bullets&quot;,&quot;speed&quot;:500,&quot;autoplay&quot;:&quot;yes&quot;,&quot;loop&quot;:&quot;yes&quot;,&quot;pause_on_interaction&quot;:&quot;yes&quot;,&quot;space_between&quot;:{&quot;unit&quot;:&quot;px&quot;,&quot;size&quot;:10,&quot;sizes&quot;:[]},&quot;space_between_laptop&quot;:{&quot;unit&quot;:&quot;px&quot;,&quot;size&quot;:10,&quot;sizes&quot;:[]},&quot;space_between_tablet&quot;:{&quot;unit&quot;:&quot;px&quot;,&quot;size&quot;:10,&quot;sizes&quot;:[]},&quot;space_between_mobile&quot;:{&quot;unit&quot;:&quot;px&quot;,&quot;size&quot;:10,&quot;sizes&quot;:[]}}\" data-widget_type=\"media-carousel.default\">\n\t\t\t\t\t\t\t\t\t\t<div class=\"elementor-main-swiper swiper\" role=\"region\" aria-roledescription=\"carousel\" aria-label=\"Slides\">\n\t\t\t\t<div class=\"swiper-wrapper\">\n\t\t\t\t\t\t\t\t\t\t\t<div class=\"swiper-slide\" role=\"group\" aria-roledescription=\"slide\">\n\t\t\t\t\t\t\t\t\t<div class=\"elementor-carousel-image\" role=\"img\" aria-label=\"10\" style=\"background-image: url(&#039;https:\/\/www.palficargo.hu\/wp-content\/uploads\/2025\/11\/10.jpg&#039;)\">\n\n\t\t\t\n\t\t\t\t\t<\/div>\n\t\t\t\t\t\t\t\t<\/div>\n\t\t\t\t\t\t\t\t\t\t\t<div class=\"swiper-slide\" role=\"group\" aria-roledescription=\"slide\">\n\t\t\t\t\t\t\t\t\t<div class=\"elementor-carousel-image\" role=\"img\" aria-label=\"01\" style=\"background-image: url(&#039;https:\/\/www.palficargo.hu\/wp-content\/uploads\/2025\/11\/01.jpg&#039;)\">\n\n\t\t\t\n\t\t\t\t\t<\/div>\n\t\t\t\t\t\t\t\t<\/div>\n\t\t\t\t\t\t\t\t\t\t\t<div class=\"swiper-slide\" role=\"group\" aria-roledescription=\"slide\">\n\t\t\t\t\t\t\t\t\t<div class=\"elementor-carousel-image\" role=\"img\" aria-label=\"02\" style=\"background-image: url(&#039;https:\/\/www.palficargo.hu\/wp-content\/uploads\/2025\/11\/02.jpg&#039;)\">\n\n\t\t\t\n\t\t\t\t\t<\/div>\n\t\t\t\t\t\t\t\t<\/div>\n\t\t\t\t\t\t\t\t\t\t\t<div class=\"swiper-slide\" role=\"group\" aria-roledescription=\"slide\">\n\t\t\t\t\t\t\t\t\t<div class=\"elementor-carousel-image\" role=\"img\" aria-label=\"03\" style=\"background-image: url(&#039;https:\/\/www.palficargo.hu\/wp-content\/uploads\/2025\/11\/03.jpg&#039;)\">\n\n\t\t\t\n\t\t\t\t\t<\/div>\n\t\t\t\t\t\t\t\t<\/div>\n\t\t\t\t\t\t\t\t\t\t\t<div class=\"swiper-slide\" role=\"group\" aria-roledescription=\"slide\">\n\t\t\t\t\t\t\t\t\t<div class=\"elementor-carousel-image\" role=\"img\" aria-label=\"04\" style=\"background-image: url(&#039;https:\/\/www.palficargo.hu\/wp-content\/uploads\/2025\/11\/04.jpg&#039;)\">\n\n\t\t\t\n\t\t\t\t\t<\/div>\n\t\t\t\t\t\t\t\t<\/div>\n\t\t\t\t\t\t\t\t\t\t\t<div class=\"swiper-slide\" role=\"group\" aria-roledescription=\"slide\">\n\t\t\t\t\t\t\t\t\t<div class=\"elementor-carousel-image\" role=\"img\" aria-label=\"05\" style=\"background-image: url(&#039;https:\/\/www.palficargo.hu\/wp-content\/uploads\/2025\/11\/05.jpg&#039;)\">\n\n\t\t\t\n\t\t\t\t\t<\/div>\n\t\t\t\t\t\t\t\t<\/div>\n\t\t\t\t\t\t\t\t\t\t\t<div class=\"swiper-slide\" role=\"group\" aria-roledescription=\"slide\">\n\t\t\t\t\t\t\t\t\t<div class=\"elementor-carousel-image\" role=\"img\" aria-label=\"06\" style=\"background-image: url(&#039;https:\/\/www.palficargo.hu\/wp-content\/uploads\/2025\/11\/06.jpg&#039;)\">\n\n\t\t\t\n\t\t\t\t\t<\/div>\n\t\t\t\t\t\t\t\t<\/div>\n\t\t\t\t\t\t\t\t\t\t\t<div class=\"swiper-slide\" role=\"group\" aria-roledescription=\"slide\">\n\t\t\t\t\t\t\t\t\t<div class=\"elementor-carousel-image\" role=\"img\" aria-label=\"07\" style=\"background-image: url(&#039;https:\/\/www.palficargo.hu\/wp-content\/uploads\/2025\/11\/07.jpg&#039;)\">\n\n\t\t\t\n\t\t\t\t\t<\/div>\n\t\t\t\t\t\t\t\t<\/div>\n\t\t\t\t\t\t\t\t\t\t\t<div class=\"swiper-slide\" role=\"group\" aria-roledescription=\"slide\">\n\t\t\t\t\t\t\t\t\t<div class=\"elementor-carousel-image\" role=\"img\" aria-label=\"08\" style=\"background-image: url(&#039;https:\/\/www.palficargo.hu\/wp-content\/uploads\/2025\/11\/08.jpg&#039;)\">\n\n\t\t\t\n\t\t\t\t\t<\/div>\n\t\t\t\t\t\t\t\t<\/div>\n\t\t\t\t\t\t\t\t\t\t\t<div class=\"swiper-slide\" role=\"group\" aria-roledescription=\"slide\">\n\t\t\t\t\t\t\t\t\t<div class=\"elementor-carousel-image\" role=\"img\" aria-label=\"09\" style=\"background-image: url(&#039;https:\/\/www.palficargo.hu\/wp-content\/uploads\/2025\/11\/09.jpg&#039;)\">\n\n\t\t\t\n\t\t\t\t\t<\/div>\n\t\t\t\t\t\t\t\t<\/div>\n\t\t\t\t\t\t\t\t\t\t\t<div class=\"swiper-slide\" role=\"group\" aria-roledescription=\"slide\">\n\t\t\t\t\t\t\t\t\t<div class=\"elementor-carousel-image\" role=\"img\" aria-label=\"11\" style=\"background-image: url(&#039;https:\/\/www.palficargo.hu\/wp-content\/uploads\/2025\/11\/11.jpg&#039;)\">\n\n\t\t\t\n\t\t\t\t\t<\/div>\n\t\t\t\t\t\t\t\t<\/div>\n\t\t\t\t\t\t\t\t\t<\/div>\n\t\t\t\t\t\t\t\t\t\t\t\t\t\t\t<div class=\"elementor-swiper-button elementor-swiper-button-prev\" role=\"button\" tabindex=\"0\" aria-label=\"Previous\">\n\t\t\t\t\t\t\t<svg aria-hidden=\"true\" class=\"e-font-icon-svg e-eicon-chevron-left\" viewbox=\"0 0 1000 1000\" xmlns=\"http:\/\/www.w3.org\/2000\/svg\"><path d=\"M646 125C629 125 613 133 604 142L308 442C296 454 292 471 292 487 292 504 296 521 308 533L604 854C617 867 629 875 646 875 663 875 679 871 692 858 704 846 713 829 713 812 713 796 708 779 692 767L438 487 692 225C700 217 708 204 708 187 708 171 704 154 692 142 675 129 663 125 646 125Z\"><\/path><\/svg>\t\t\t\t\t\t<\/div>\n\t\t\t\t\t\t<div class=\"elementor-swiper-button elementor-swiper-button-next\" role=\"button\" tabindex=\"0\" aria-label=\"Next\">\n\t\t\t\t\t\t\t<svg aria-hidden=\"true\" class=\"e-font-icon-svg e-eicon-chevron-right\" viewbox=\"0 0 1000 1000\" xmlns=\"http:\/\/www.w3.org\/2000\/svg\"><path d=\"M696 533C708 521 713 504 713 487 713 471 708 454 696 446L400 146C388 133 375 125 354 125 338 125 325 129 313 142 300 154 292 171 292 187 292 204 296 221 308 233L563 492 304 771C292 783 288 800 288 817 288 833 296 850 308 863 321 871 338 875 354 875 371 875 388 867 400 854L696 533Z\"><\/path><\/svg>\t\t\t\t\t\t<\/div>\n\t\t\t\t\t\t\t\t\t\t\t\t\t\t\t\t<div class=\"swiper-pagination\"><\/div>\n\t\t\t\t\t\t\t\t\t\t\t\t<\/div>\n\t\t\t\t\t\t\t\t<\/div>\n\t\t\t\t\t<\/div>\n\t\t\t\t<\/div>\n\t\t<div data-particle_enable=\"false\" data-particle-mobile-disabled=\"false\" class=\"elementor-element elementor-element-754124d e-flex e-con-boxed wpr-particle-no wpr-jarallax-no wpr-parallax-no wpr-sticky-section-no wpr-equal-height-no e-con e-parent\" data-id=\"754124d\" data-element_type=\"container\" data-e-type=\"container\" data-settings=\"{&quot;background_background&quot;:&quot;classic&quot;}\">\n\t\t\t\t\t<div class=\"e-con-inner\">\n\t\t<div data-particle_enable=\"false\" data-particle-mobile-disabled=\"false\" class=\"elementor-element elementor-element-604525d e-con-full e-flex wpr-particle-no wpr-jarallax-no wpr-parallax-no wpr-sticky-section-no wpr-equal-height-no e-con e-child\" data-id=\"604525d\" data-element_type=\"container\" data-e-type=\"container\">\n\t\t\t\t<div class=\"elementor-element elementor-element-793cb27 elementor-widget elementor-widget-heading\" data-id=\"793cb27\" data-element_type=\"widget\" data-e-type=\"widget\" data-widget_type=\"heading.default\">\n\t\t\t\t\t<h2 class=\"elementor-heading-title elementor-size-default\">Get in touch with us!<\/h2>\t\t\t\t<\/div>\n\t\t\t\t<div class=\"elementor-element elementor-element-155c349 elementor-widget elementor-widget-heading\" data-id=\"155c349\" data-element_type=\"widget\" data-e-type=\"widget\" data-widget_type=\"heading.default\">\n\t\t\t\t\t<h2 class=\"elementor-heading-title elementor-size-default\">06-70-290-85-78<\/h2>\t\t\t\t<\/div>\n\t\t\t\t<\/div>\n\t\t<div data-particle_enable=\"false\" data-particle-mobile-disabled=\"false\" class=\"elementor-element elementor-element-ff64286 e-con-full e-flex wpr-particle-no wpr-jarallax-no wpr-parallax-no wpr-sticky-section-no wpr-equal-height-no e-con e-child\" data-id=\"ff64286\" data-element_type=\"container\" data-e-type=\"container\">\n\t\t\t\t<div class=\"elementor-element elementor-element-e36c7ce elementor-align-center elementor-widget elementor-widget-button\" data-id=\"e36c7ce\" data-element_type=\"widget\" data-e-type=\"widget\" data-widget_type=\"button.default\">\n\t\t\t\t\t\t\t\t\t\t<a class=\"elementor-button elementor-button-link elementor-size-sm\" href=\"https:\/\/www.palficargo.hu\/en\/koltoztetes-arajanlat\/\">\n\t\t\t\t\t\t<span class=\"elementor-button-content-wrapper\">\n\t\t\t\t\t\t\t\t\t<span class=\"elementor-button-text\">Express price quote<\/span>\n\t\t\t\t\t<\/span>\n\t\t\t\t\t<\/a>\n\t\t\t\t\t\t\t\t<\/div>\n\t\t\t\t<\/div>\n\t\t\t\t\t<\/div>\n\t\t\t\t<\/div>\n\t\t\t\t<\/div>","protected":false},"excerpt":{"rendered":"<p>Szolg\u00e1ltat\u00e1sok K\u00f6lt\u00f6ztet\u00e9s Budapesten \u00e9s Pest megy\u00e9ben A P\u00e1lfi Cargo professzion\u00e1lis budapesti k\u00f6lt\u00f6ztet\u00e9s szolg\u00e1ltat\u00e1st k\u00edn\u00e1l mag\u00e1nszem\u00e9lyek \u00e9s v\u00e1llalkoz\u00e1sok sz\u00e1m\u00e1ra egyar\u00e1nt. Legyen sz\u00f3 Budapesten bel\u00fcli k\u00f6lt\u00f6z\u00e9sr\u0151l, k\u00f6lt\u00f6ztet\u00e9s Budapestr\u0151l vid\u00e9kre, vagy \u00e9ppen k\u00f6lt\u00f6ztet\u00e9s vid\u00e9kr\u0151l Budapestre, minden esetben szem\u00e9lyre szabott, pontos \u00e9s biztons\u00e1gos megold\u00e1st ny\u00fajtunk. Teljes k\u00f6r\u0171 k\u00f6lt\u00f6ztet\u00e9s Budapesten \u00e9s k\u00f6rny\u00e9k\u00e9n A f\u0151v\u00e1rosi \u00e9s agglomer\u00e1ci\u00f3s k\u00f6lt\u00f6z\u00e9s gyakran tapasztalatot ig\u00e9nyel: forgalom, parkol\u00e1s, emeletek, sz\u0171k l\u00e9pcs\u0151h\u00e1zak. Csapatunk napi szinten dolgozik Budapesten, \u00edgy ezek nem akad\u00e1lyok, hanem rutinfeladatok sz\u00e1munkra. Szolg\u00e1ltat\u00e1sunk el\u0151nyei: Gyors \u00e9s pontos \u00e9rkez\u00e9s Budapesten bel\u00fcl is Szakszer\u0171 pakol\u00e1s \u00e9s r\u00f6gz\u00edt\u00e9s, s\u00e9r\u00fcl\u00e9smentes sz\u00e1ll\u00edt\u00e1s B\u00fatorok szakszer\u0171 sz\u00e9tszerel\u00e9se \u00e9s \u00f6sszeszerel\u00e9se Rugalmas id\u0151pontok, ak\u00e1r h\u00e9tv\u00e9g\u00e9n is Lakoss\u00e1gi \u00e9s iroda k\u00f6lt\u00f6ztet\u00e9s Budapesten &nbsp; K\u00f6lt\u00f6ztet\u00e9s Budapestr\u0151l vid\u00e9kre Ha a f\u0151v\u00e1rosb\u00f3l vid\u00e9kre k\u00f6lt\u00f6zik, k\u00fcl\u00f6n\u00f6sen fontos a pontos szervez\u00e9s \u00e9s az id\u0151z\u00edt\u00e9s. A P\u00e1lfi Cargo tapasztaltan v\u00e9gzi a Budapestr\u0151l vid\u00e9kre k\u00f6lt\u00f6ztet\u00e9st, legyen sz\u00f3 lak\u00e1sr\u00f3l, csal\u00e1di h\u00e1zr\u00f3l, vagy nyaral\u00f3r\u00f3l. \u00c9rt\u00e9keit biztons\u00e1gosan, hat\u00e1rid\u0151re sz\u00e1ll\u00edtjuk az orsz\u00e1g b\u00e1rmely pontj\u00e1ra. K\u00f6lt\u00f6ztet\u00e9s vid\u00e9kr\u0151l Budapestre Budapestre k\u00f6lt\u00f6zne munkav\u00e1llal\u00e1s, tanul\u00e1s vagy \u00faj \u00e9lethelyzet miatt? Mi gondoskodunk r\u00f3la, hogy a vid\u00e9kr\u0151l Budapestre k\u00f6lt\u00f6ztet\u00e9s z\u00f6kken\u0151mentes legyen. Ismerj\u00fck a budapesti saj\u00e1toss\u00e1gokat, \u00edgy a folyamat gyors \u00e9s probl\u00e9mamentes lesz. \u00c1tl\u00e1that\u00f3 k\u00f6lt\u00f6ztet\u00e9s \u00e1rak N\u00e1lunk nincs rejtett k\u00f6lts\u00e9g. A budapesti k\u00f6lt\u00f6ztet\u00e9s el\u0151tt minden r\u00e9szletet egyeztet\u00fcnk, pontos aj\u00e1nlatot adunk, \u00e9s ahhoz tartjuk is magunkat. Express \u00e1raj\u00e1nlat L\u00e9pjen kapcsolatba vel\u00fcnk! 06-70-290-85-78 Express \u00e1raj\u00e1nlat<\/p>","protected":false},"author":1,"featured_media":0,"parent":0,"menu_order":0,"comment_status":"closed","ping_status":"closed","template":"elementor_canvas","meta":{"footnotes":""},"class_list":["post-2171","page","type-page","status-publish","hentry"],"acf":[],"_links":{"self":[{"href":"https:\/\/www.palficargo.hu\/en\/wp-json\/wp\/v2\/pages\/2171","targetHints":{"allow":["GET"]}}],"collection":[{"href":"https:\/\/www.palficargo.hu\/en\/wp-json\/wp\/v2\/pages"}],"about":[{"href":"https:\/\/www.palficargo.hu\/en\/wp-json\/wp\/v2\/types\/page"}],"author":[{"embeddable":true,"href":"https:\/\/www.palficargo.hu\/en\/wp-json\/wp\/v2\/users\/1"}],"replies":[{"embeddable":true,"href":"https:\/\/www.palficargo.hu\/en\/wp-json\/wp\/v2\/comments?post=2171"}],"version-history":[{"count":37,"href":"https:\/\/www.palficargo.hu\/en\/wp-json\/wp\/v2\/pages\/2171\/revisions"}],"predecessor-version":[{"id":5851,"href":"https:\/\/www.palficargo.hu\/en\/wp-json\/wp\/v2\/pages\/2171\/revisions\/5851"}],"wp:attachment":[{"href":"https:\/\/www.palficargo.hu\/en\/wp-json\/wp\/v2\/media?parent=2171"}],"curies":[{"name":"wp","href":"https:\/\/api.w.org\/{rel}","templated":true}]}}