{"id":3293,"date":"2025-11-10T08:42:22","date_gmt":"2025-11-10T07:42:22","guid":{"rendered":"https:\/\/www.palficargo.hu\/?page_id=3293"},"modified":"2026-03-31T07:51:17","modified_gmt":"2026-03-31T05:51:17","slug":"belfoldi-koltoztetes","status":"publish","type":"page","link":"https:\/\/www.palficargo.hu\/en\/belfoldi-koltoztetes","title":{"rendered":"Domestic moving"},"content":{"rendered":"<div data-elementor-type=\"wp-page\" data-elementor-id=\"3293\" class=\"elementor elementor-3293\" data-elementor-post-type=\"page\">\n\t\t\t\t<div data-particle_enable=\"false\" data-particle-mobile-disabled=\"false\" class=\"elementor-element elementor-element-2a9bb7f e-flex e-con-boxed wpr-particle-no wpr-jarallax-no wpr-parallax-no wpr-sticky-section-no wpr-equal-height-no e-con e-parent\" data-id=\"2a9bb7f\" data-element_type=\"container\" data-e-type=\"container\" data-settings=\"{&quot;background_background&quot;:&quot;classic&quot;}\">\n\t\t\t\t\t<div class=\"e-con-inner\">\n\t\t<div data-particle_enable=\"false\" data-particle-mobile-disabled=\"false\" class=\"elementor-element elementor-element-31d4b69 e-con-full e-flex wpr-particle-no wpr-jarallax-no wpr-parallax-no wpr-sticky-section-no wpr-equal-height-no e-con e-child\" data-id=\"31d4b69\" data-element_type=\"container\" data-e-type=\"container\">\n\t\t\t\t<div class=\"elementor-element elementor-element-b04a5b5 elementor-widget elementor-widget-heading\" data-id=\"b04a5b5\" data-element_type=\"widget\" data-e-type=\"widget\" data-widget_type=\"heading.default\">\n\t\t\t\t\t<h2 class=\"elementor-heading-title elementor-size-default\">Services<\/h2>\t\t\t\t<\/div>\n\t\t\t\t<div class=\"elementor-element elementor-element-16a4e14 elementor-widget elementor-widget-heading\" data-id=\"16a4e14\" data-element_type=\"widget\" data-e-type=\"widget\" data-widget_type=\"heading.default\">\n\t\t\t\t\t<h1 class=\"elementor-heading-title elementor-size-default\">Domestic moving<\/h1>\t\t\t\t<\/div>\n\t\t\t\t<\/div>\n\t\t\t\t\t<\/div>\n\t\t\t\t<\/div>\n\t\t<div data-particle_enable=\"false\" data-particle-mobile-disabled=\"false\" class=\"elementor-element elementor-element-92e6953 e-flex e-con-boxed wpr-particle-no wpr-jarallax-no wpr-parallax-no wpr-sticky-section-no wpr-equal-height-no e-con e-parent\" data-id=\"92e6953\" data-element_type=\"container\" data-e-type=\"container\">\n\t\t\t\t\t<div class=\"e-con-inner\">\n\t\t<div data-particle_enable=\"false\" data-particle-mobile-disabled=\"false\" class=\"elementor-element elementor-element-79fb8a4 e-con-full e-flex wpr-particle-no wpr-jarallax-no wpr-parallax-no wpr-sticky-section-no wpr-equal-height-no e-con e-child\" data-id=\"79fb8a4\" data-element_type=\"container\" data-e-type=\"container\">\n\t\t\t\t<div class=\"elementor-element elementor-element-4cf4365 elementor-widget-mobile__width-initial elementor-widget elementor-widget-text-editor\" data-id=\"4cf4365\" data-element_type=\"widget\" data-e-type=\"widget\" data-widget_type=\"text-editor.default\">\n\t\t\t\t\t\t\t\t\t<p class=\"translation-block\">With P\u00e1lfi Cargo\u2019s domestic moving services, we transport your belongings safely, well-organized, and on time to any location within the country. Whether it is a move within the same city, a long-distance move to the countryside, or a complete relocation for private individuals or companies, every detail is tailored to your specific needs.<\/p><h3>Why trust us with your move?<\/h3><p>Moving is often stressful, time-consuming, and physically demanding. We take the burden off your shoulders, from planning and packing to secure transportation and delivery.<\/p><p>What we guarantee:<\/p><ul><li class=\"translation-block\">Fast and punctual execution at a pre-agreed time, without delays.<\/li><li class=\"translation-block\">Professional loading and securing, ensuring maximum protection for your furniture and belongings.<\/li><li class=\"translation-block\">A complete moving solution including packing, transportation, and, if required, disassembly and reassembly.<\/li><li class=\"translation-block\">A flexible approach with customized solutions for special requests and challenging transport situations.<\/li><li class=\"translation-block\">Nationwide coverage, from Budapest to even the smallest towns.<\/li><\/ul><h3>Transparent pricing and fair conditions<\/h3><p>There are no hidden costs or unpleasant surprises. Before the move, we clarify every detail so you can plan in advance, and we strictly adhere to what we agree on.<br \/><br \/><\/p><h3>Move without stress!<\/h3><p>Get in touch with us and request a personalized offer for domestic moving services.<\/p><p>P\u00e1lfi Cargo is committed to making your new beginning truly smooth and hassle-free.<\/p>\t\t\t\t\t\t\t\t<\/div>\n\t\t<div data-particle_enable=\"false\" data-particle-mobile-disabled=\"false\" class=\"elementor-element elementor-element-6dc7a84 e-grid e-con-full wpr-particle-no wpr-jarallax-no wpr-parallax-no wpr-sticky-section-no wpr-equal-height-no e-con e-child\" data-id=\"6dc7a84\" data-element_type=\"container\" data-e-type=\"container\">\n\t\t\t\t<div class=\"elementor-element elementor-element-ef4cacb elementor-align-center elementor-widget elementor-widget-button\" data-id=\"ef4cacb\" data-element_type=\"widget\" data-e-type=\"widget\" data-widget_type=\"button.default\">\n\t\t\t\t\t\t\t\t\t\t<a class=\"elementor-button elementor-button-link elementor-size-sm\" href=\"https:\/\/www.palficargo.hu\/en\/koltoztetes-arajanlat\/\">\n\t\t\t\t\t\t<span class=\"elementor-button-content-wrapper\">\n\t\t\t\t\t\t\t\t\t<span class=\"elementor-button-text\">Express price quote<\/span>\n\t\t\t\t\t<\/span>\n\t\t\t\t\t<\/a>\n\t\t\t\t\t\t\t\t<\/div>\n\t\t\t\t<\/div>\n\t\t\t\t<\/div>\n\t\t<div data-particle_enable=\"false\" data-particle-mobile-disabled=\"false\" class=\"elementor-element elementor-element-0a3387e e-con-full e-flex wpr-particle-no wpr-jarallax-no wpr-parallax-no wpr-sticky-section-no wpr-equal-height-no e-con e-child\" data-id=\"0a3387e\" data-element_type=\"container\" data-e-type=\"container\">\n\t\t\t\t<div class=\"elementor-element elementor-element-87a412f elementor-widget elementor-widget-image\" data-id=\"87a412f\" data-element_type=\"widget\" data-e-type=\"widget\" data-widget_type=\"image.default\">\n\t\t\t\t\t\t\t\t\t\t\t\t\t\t\t<img decoding=\"async\" src=\"https:\/\/www.palficargo.hu\/wp-content\/uploads\/2025\/11\/moving_02.jpg\" title=\"\" alt=\"\" loading=\"lazy\" \/>\t\t\t\t\t\t\t\t\t\t\t\t\t\t\t<\/div>\n\t\t\t\t<\/div>\n\t\t\t\t\t<\/div>\n\t\t\t\t<\/div>\n\t\t<div data-particle_enable=\"false\" data-particle-mobile-disabled=\"false\" class=\"elementor-element elementor-element-f1db5f9 e-flex e-con-boxed wpr-particle-no wpr-jarallax-no wpr-parallax-no wpr-sticky-section-no wpr-equal-height-no e-con e-parent\" data-id=\"f1db5f9\" data-element_type=\"container\" data-e-type=\"container\" data-settings=\"{&quot;background_background&quot;:&quot;classic&quot;}\">\n\t\t\t\t\t<div class=\"e-con-inner\">\n\t\t\t\t<div class=\"elementor-element elementor-element-d60cd81 elementor-skin-carousel elementor-arrows-yes elementor-pagination-type-bullets elementor-pagination-position-outside elementor-widget elementor-widget-media-carousel\" data-id=\"d60cd81\" data-element_type=\"widget\" data-e-type=\"widget\" data-settings=\"{&quot;slides_per_view&quot;:&quot;5&quot;,&quot;autoplay_speed&quot;:3500,&quot;skin&quot;:&quot;carousel&quot;,&quot;effect&quot;:&quot;slide&quot;,&quot;show_arrows&quot;:&quot;yes&quot;,&quot;pagination&quot;:&quot;bullets&quot;,&quot;speed&quot;:500,&quot;autoplay&quot;:&quot;yes&quot;,&quot;loop&quot;:&quot;yes&quot;,&quot;pause_on_interaction&quot;:&quot;yes&quot;,&quot;space_between&quot;:{&quot;unit&quot;:&quot;px&quot;,&quot;size&quot;:10,&quot;sizes&quot;:[]},&quot;space_between_laptop&quot;:{&quot;unit&quot;:&quot;px&quot;,&quot;size&quot;:10,&quot;sizes&quot;:[]},&quot;space_between_tablet&quot;:{&quot;unit&quot;:&quot;px&quot;,&quot;size&quot;:10,&quot;sizes&quot;:[]},&quot;space_between_mobile&quot;:{&quot;unit&quot;:&quot;px&quot;,&quot;size&quot;:10,&quot;sizes&quot;:[]}}\" data-widget_type=\"media-carousel.default\">\n\t\t\t\t\t\t\t\t\t\t<div class=\"elementor-main-swiper swiper\" role=\"region\" aria-roledescription=\"carousel\" aria-label=\"Slides\">\n\t\t\t\t<div class=\"swiper-wrapper\">\n\t\t\t\t\t\t\t\t\t\t\t<div class=\"swiper-slide\" role=\"group\" aria-roledescription=\"slide\">\n\t\t\t\t\t\t\t\t\t<div class=\"elementor-carousel-image\" role=\"img\" aria-label=\"10\" style=\"background-image: url(&#039;https:\/\/www.palficargo.hu\/wp-content\/uploads\/2025\/11\/10.jpg&#039;)\">\n\n\t\t\t\n\t\t\t\t\t<\/div>\n\t\t\t\t\t\t\t\t<\/div>\n\t\t\t\t\t\t\t\t\t\t\t<div class=\"swiper-slide\" role=\"group\" aria-roledescription=\"slide\">\n\t\t\t\t\t\t\t\t\t<div class=\"elementor-carousel-image\" role=\"img\" aria-label=\"01\" style=\"background-image: url(&#039;https:\/\/www.palficargo.hu\/wp-content\/uploads\/2025\/11\/01.jpg&#039;)\">\n\n\t\t\t\n\t\t\t\t\t<\/div>\n\t\t\t\t\t\t\t\t<\/div>\n\t\t\t\t\t\t\t\t\t\t\t<div class=\"swiper-slide\" role=\"group\" aria-roledescription=\"slide\">\n\t\t\t\t\t\t\t\t\t<div class=\"elementor-carousel-image\" role=\"img\" aria-label=\"02\" style=\"background-image: url(&#039;https:\/\/www.palficargo.hu\/wp-content\/uploads\/2025\/11\/02.jpg&#039;)\">\n\n\t\t\t\n\t\t\t\t\t<\/div>\n\t\t\t\t\t\t\t\t<\/div>\n\t\t\t\t\t\t\t\t\t\t\t<div class=\"swiper-slide\" role=\"group\" aria-roledescription=\"slide\">\n\t\t\t\t\t\t\t\t\t<div class=\"elementor-carousel-image\" role=\"img\" aria-label=\"03\" style=\"background-image: url(&#039;https:\/\/www.palficargo.hu\/wp-content\/uploads\/2025\/11\/03.jpg&#039;)\">\n\n\t\t\t\n\t\t\t\t\t<\/div>\n\t\t\t\t\t\t\t\t<\/div>\n\t\t\t\t\t\t\t\t\t\t\t<div class=\"swiper-slide\" role=\"group\" aria-roledescription=\"slide\">\n\t\t\t\t\t\t\t\t\t<div class=\"elementor-carousel-image\" role=\"img\" aria-label=\"04\" style=\"background-image: url(&#039;https:\/\/www.palficargo.hu\/wp-content\/uploads\/2025\/11\/04.jpg&#039;)\">\n\n\t\t\t\n\t\t\t\t\t<\/div>\n\t\t\t\t\t\t\t\t<\/div>\n\t\t\t\t\t\t\t\t\t\t\t<div class=\"swiper-slide\" role=\"group\" aria-roledescription=\"slide\">\n\t\t\t\t\t\t\t\t\t<div class=\"elementor-carousel-image\" role=\"img\" aria-label=\"05\" style=\"background-image: url(&#039;https:\/\/www.palficargo.hu\/wp-content\/uploads\/2025\/11\/05.jpg&#039;)\">\n\n\t\t\t\n\t\t\t\t\t<\/div>\n\t\t\t\t\t\t\t\t<\/div>\n\t\t\t\t\t\t\t\t\t\t\t<div class=\"swiper-slide\" role=\"group\" aria-roledescription=\"slide\">\n\t\t\t\t\t\t\t\t\t<div class=\"elementor-carousel-image\" role=\"img\" aria-label=\"06\" style=\"background-image: url(&#039;https:\/\/www.palficargo.hu\/wp-content\/uploads\/2025\/11\/06.jpg&#039;)\">\n\n\t\t\t\n\t\t\t\t\t<\/div>\n\t\t\t\t\t\t\t\t<\/div>\n\t\t\t\t\t\t\t\t\t\t\t<div class=\"swiper-slide\" role=\"group\" aria-roledescription=\"slide\">\n\t\t\t\t\t\t\t\t\t<div class=\"elementor-carousel-image\" role=\"img\" aria-label=\"07\" style=\"background-image: url(&#039;https:\/\/www.palficargo.hu\/wp-content\/uploads\/2025\/11\/07.jpg&#039;)\">\n\n\t\t\t\n\t\t\t\t\t<\/div>\n\t\t\t\t\t\t\t\t<\/div>\n\t\t\t\t\t\t\t\t\t\t\t<div class=\"swiper-slide\" role=\"group\" aria-roledescription=\"slide\">\n\t\t\t\t\t\t\t\t\t<div class=\"elementor-carousel-image\" role=\"img\" aria-label=\"08\" style=\"background-image: url(&#039;https:\/\/www.palficargo.hu\/wp-content\/uploads\/2025\/11\/08.jpg&#039;)\">\n\n\t\t\t\n\t\t\t\t\t<\/div>\n\t\t\t\t\t\t\t\t<\/div>\n\t\t\t\t\t\t\t\t\t\t\t<div class=\"swiper-slide\" role=\"group\" aria-roledescription=\"slide\">\n\t\t\t\t\t\t\t\t\t<div class=\"elementor-carousel-image\" role=\"img\" aria-label=\"09\" style=\"background-image: url(&#039;https:\/\/www.palficargo.hu\/wp-content\/uploads\/2025\/11\/09.jpg&#039;)\">\n\n\t\t\t\n\t\t\t\t\t<\/div>\n\t\t\t\t\t\t\t\t<\/div>\n\t\t\t\t\t\t\t\t\t\t\t<div class=\"swiper-slide\" role=\"group\" aria-roledescription=\"slide\">\n\t\t\t\t\t\t\t\t\t<div class=\"elementor-carousel-image\" role=\"img\" aria-label=\"11\" style=\"background-image: url(&#039;https:\/\/www.palficargo.hu\/wp-content\/uploads\/2025\/11\/11.jpg&#039;)\">\n\n\t\t\t\n\t\t\t\t\t<\/div>\n\t\t\t\t\t\t\t\t<\/div>\n\t\t\t\t\t\t\t\t\t<\/div>\n\t\t\t\t\t\t\t\t\t\t\t\t\t\t\t<div class=\"elementor-swiper-button elementor-swiper-button-prev\" role=\"button\" tabindex=\"0\" aria-label=\"Previous\">\n\t\t\t\t\t\t\t<svg aria-hidden=\"true\" class=\"e-font-icon-svg e-eicon-chevron-left\" viewbox=\"0 0 1000 1000\" xmlns=\"http:\/\/www.w3.org\/2000\/svg\"><path d=\"M646 125C629 125 613 133 604 142L308 442C296 454 292 471 292 487 292 504 296 521 308 533L604 854C617 867 629 875 646 875 663 875 679 871 692 858 704 846 713 829 713 812 713 796 708 779 692 767L438 487 692 225C700 217 708 204 708 187 708 171 704 154 692 142 675 129 663 125 646 125Z\"><\/path><\/svg>\t\t\t\t\t\t<\/div>\n\t\t\t\t\t\t<div class=\"elementor-swiper-button elementor-swiper-button-next\" role=\"button\" tabindex=\"0\" aria-label=\"Next\">\n\t\t\t\t\t\t\t<svg aria-hidden=\"true\" class=\"e-font-icon-svg e-eicon-chevron-right\" viewbox=\"0 0 1000 1000\" xmlns=\"http:\/\/www.w3.org\/2000\/svg\"><path d=\"M696 533C708 521 713 504 713 487 713 471 708 454 696 446L400 146C388 133 375 125 354 125 338 125 325 129 313 142 300 154 292 171 292 187 292 204 296 221 308 233L563 492 304 771C292 783 288 800 288 817 288 833 296 850 308 863 321 871 338 875 354 875 371 875 388 867 400 854L696 533Z\"><\/path><\/svg>\t\t\t\t\t\t<\/div>\n\t\t\t\t\t\t\t\t\t\t\t\t\t\t\t\t<div class=\"swiper-pagination\"><\/div>\n\t\t\t\t\t\t\t\t\t\t\t\t<\/div>\n\t\t\t\t\t\t\t\t<\/div>\n\t\t\t\t\t<\/div>\n\t\t\t\t<\/div>\n\t\t<div data-particle_enable=\"false\" data-particle-mobile-disabled=\"false\" class=\"elementor-element elementor-element-754124d e-flex e-con-boxed wpr-particle-no wpr-jarallax-no wpr-parallax-no wpr-sticky-section-no wpr-equal-height-no e-con e-parent\" data-id=\"754124d\" data-element_type=\"container\" data-e-type=\"container\" data-settings=\"{&quot;background_background&quot;:&quot;classic&quot;}\">\n\t\t\t\t\t<div class=\"e-con-inner\">\n\t\t<div data-particle_enable=\"false\" data-particle-mobile-disabled=\"false\" class=\"elementor-element elementor-element-604525d e-con-full e-flex wpr-particle-no wpr-jarallax-no wpr-parallax-no wpr-sticky-section-no wpr-equal-height-no e-con e-child\" data-id=\"604525d\" data-element_type=\"container\" data-e-type=\"container\">\n\t\t\t\t<div class=\"elementor-element elementor-element-793cb27 elementor-widget elementor-widget-heading\" data-id=\"793cb27\" data-element_type=\"widget\" data-e-type=\"widget\" data-widget_type=\"heading.default\">\n\t\t\t\t\t<h2 class=\"elementor-heading-title elementor-size-default\">Get in touch with us!<\/h2>\t\t\t\t<\/div>\n\t\t\t\t<div class=\"elementor-element elementor-element-155c349 elementor-widget elementor-widget-heading\" data-id=\"155c349\" data-element_type=\"widget\" data-e-type=\"widget\" data-widget_type=\"heading.default\">\n\t\t\t\t\t<h2 class=\"elementor-heading-title elementor-size-default\">06-70-290-85-78<\/h2>\t\t\t\t<\/div>\n\t\t\t\t<\/div>\n\t\t<div data-particle_enable=\"false\" data-particle-mobile-disabled=\"false\" class=\"elementor-element elementor-element-ff64286 e-con-full e-flex wpr-particle-no wpr-jarallax-no wpr-parallax-no wpr-sticky-section-no wpr-equal-height-no e-con e-child\" data-id=\"ff64286\" data-element_type=\"container\" data-e-type=\"container\">\n\t\t\t\t<div class=\"elementor-element elementor-element-e36c7ce elementor-align-center elementor-widget elementor-widget-button\" data-id=\"e36c7ce\" data-element_type=\"widget\" data-e-type=\"widget\" data-widget_type=\"button.default\">\n\t\t\t\t\t\t\t\t\t\t<a class=\"elementor-button elementor-button-link elementor-size-sm\" href=\"https:\/\/www.palficargo.hu\/en\/koltoztetes-arajanlat\/\">\n\t\t\t\t\t\t<span class=\"elementor-button-content-wrapper\">\n\t\t\t\t\t\t\t\t\t<span class=\"elementor-button-text\">Express price quote<\/span>\n\t\t\t\t\t<\/span>\n\t\t\t\t\t<\/a>\n\t\t\t\t\t\t\t\t<\/div>\n\t\t\t\t<\/div>\n\t\t\t\t\t<\/div>\n\t\t\t\t<\/div>\n\t\t\t\t<\/div>","protected":false},"excerpt":{"rendered":"<p>Szolg\u00e1ltat\u00e1sok Belf\u00f6ldi k\u00f6lt\u00f6ztet\u00e9s A P\u00e1lfi Cargo belf\u00f6ldi k\u00f6lt\u00f6ztet\u00e9si szolg\u00e1ltat\u00e1s\u00e1val az orsz\u00e1g b\u00e1rmely pontj\u00e1ra biztons\u00e1gosan, szervezetten \u00e9s id\u0151ben juttatjuk el \u00e9rt\u00e9keit. Legyen sz\u00f3 v\u00e1roson bel\u00fcli k\u00f6lt\u00f6z\u00e9sr\u0151l, vid\u00e9ki k\u00f6lt\u00f6z\u00e9sr\u0151l, mag\u00e1nszem\u00e9lyek vagy c\u00e9gek teljes k\u00f6lt\u00f6ztet\u00e9s\u00e9r\u0151l, minden r\u00e9szletet az \u00d6n ig\u00e9nyeire szabunk. Mi\u00e9rt b\u00edzza r\u00e1nk a k\u00f6lt\u00f6z\u00e9st? A k\u00f6lt\u00f6z\u00e9s sokszor stresszes, id\u0151ig\u00e9nyes \u00e9s fizikailag megterhel\u0151 feladat. Mi \u00e1tvessz\u00fck \u00d6nt\u0151l a terhet \u2013 a tervez\u00e9st\u0151l a pakol\u00e1son \u00e1t eg\u00e9szen a biztons\u00e1gos kisz\u00e1ll\u00edt\u00e1sig. Amit garant\u00e1lunk: Gyors \u00e9s pontos kivitelez\u00e9s \u2013 el\u0151re egyeztetett id\u0151pontban, cs\u00fasz\u00e1s n\u00e9lk\u00fcl. Szakszer\u0171 rakod\u00e1s \u00e9s r\u00f6gz\u00edt\u00e9s \u2013 b\u00fatorai \u00e9s \u00e9rt\u00e9kei maxim\u00e1lis v\u00e9delemben. Teljes k\u00f6r\u0171 megold\u00e1s \u2013 pakol\u00e1s, sz\u00e1ll\u00edt\u00e1s, sz\u00fcks\u00e9g eset\u00e9n ki- \u00e9s beszerel\u00e9s. Rugalmas hozz\u00e1\u00e1ll\u00e1s \u2013 egyedi ig\u00e9nyek, k\u00fcl\u00f6nleges sz\u00e1ll\u00edt\u00e1si helyzetek megold\u00e1sa. Orsz\u00e1gos lefedetts\u00e9g \u2013 Budapestt\u0151l a legkisebb telep\u00fcl\u00e9sig. \u00c1tl\u00e1that\u00f3 \u00e1rak, korrekt felt\u00e9telek Nincsenek rejtett k\u00f6lts\u00e9gek vagy meglepet\u00e9sek. A k\u00f6lt\u00f6z\u00e9s el\u0151tt minden r\u00e9szletet pontos\u00edtunk, \u00edgy \u00d6n el\u0151re tud kalkul\u00e1lni, mi pedig tartjuk magunkat a meg\u00e1llapod\u00e1shoz. K\u00f6lt\u00f6zz\u00f6n stressz n\u00e9lk\u00fcl! Vegye fel vel\u00fcnk a kapcsolatot, \u00e9s k\u00e9rjen szem\u00e9lyre szabott aj\u00e1nlatot belf\u00f6ldi k\u00f6lt\u00f6ztet\u00e9sre. A P\u00e1lfi Cargo az\u00e9rt dolgozik, hogy az \u00faj kezdet val\u00f3ban z\u00f6kken\u0151mentes legyen. Express \u00e1raj\u00e1nlat L\u00e9pjen kapcsolatba vel\u00fcnk! 06-70-290-85-78 Express \u00e1raj\u00e1nlat<\/p>","protected":false},"author":1,"featured_media":0,"parent":0,"menu_order":0,"comment_status":"closed","ping_status":"closed","template":"elementor_canvas","meta":{"footnotes":""},"class_list":["post-3293","page","type-page","status-publish","hentry"],"acf":[],"_links":{"self":[{"href":"https:\/\/www.palficargo.hu\/en\/wp-json\/wp\/v2\/pages\/3293","targetHints":{"allow":["GET"]}}],"collection":[{"href":"https:\/\/www.palficargo.hu\/en\/wp-json\/wp\/v2\/pages"}],"about":[{"href":"https:\/\/www.palficargo.hu\/en\/wp-json\/wp\/v2\/types\/page"}],"author":[{"embeddable":true,"href":"https:\/\/www.palficargo.hu\/en\/wp-json\/wp\/v2\/users\/1"}],"replies":[{"embeddable":true,"href":"https:\/\/www.palficargo.hu\/en\/wp-json\/wp\/v2\/comments?post=3293"}],"version-history":[{"count":25,"href":"https:\/\/www.palficargo.hu\/en\/wp-json\/wp\/v2\/pages\/3293\/revisions"}],"predecessor-version":[{"id":5842,"href":"https:\/\/www.palficargo.hu\/en\/wp-json\/wp\/v2\/pages\/3293\/revisions\/5842"}],"wp:attachment":[{"href":"https:\/\/www.palficargo.hu\/en\/wp-json\/wp\/v2\/media?parent=3293"}],"curies":[{"name":"wp","href":"https:\/\/api.w.org\/{rel}","templated":true}]}}