{"id":3305,"date":"2025-11-10T09:01:09","date_gmt":"2025-11-10T08:01:09","guid":{"rendered":"https:\/\/www.palficargo.hu\/?page_id=3305"},"modified":"2026-03-31T07:52:41","modified_gmt":"2026-03-31T05:52:41","slug":"butor-szetszereles-es-osszeszereles","status":"publish","type":"page","link":"https:\/\/www.palficargo.hu\/en\/butor-szetszereles-es-osszeszereles","title":{"rendered":"Furniture disassembly and reassembly"},"content":{"rendered":"<div data-elementor-type=\"wp-page\" data-elementor-id=\"3305\" class=\"elementor elementor-3305\" data-elementor-post-type=\"page\">\n\t\t\t\t<div data-particle_enable=\"false\" data-particle-mobile-disabled=\"false\" class=\"elementor-element elementor-element-2a9bb7f e-flex e-con-boxed wpr-particle-no wpr-jarallax-no wpr-parallax-no wpr-sticky-section-no wpr-equal-height-no e-con e-parent\" data-id=\"2a9bb7f\" data-element_type=\"container\" data-e-type=\"container\" data-settings=\"{&quot;background_background&quot;:&quot;classic&quot;}\">\n\t\t\t\t\t<div class=\"e-con-inner\">\n\t\t<div data-particle_enable=\"false\" data-particle-mobile-disabled=\"false\" class=\"elementor-element elementor-element-31d4b69 e-con-full e-flex wpr-particle-no wpr-jarallax-no wpr-parallax-no wpr-sticky-section-no wpr-equal-height-no e-con e-child\" data-id=\"31d4b69\" data-element_type=\"container\" data-e-type=\"container\">\n\t\t\t\t<div class=\"elementor-element elementor-element-b04a5b5 elementor-widget elementor-widget-heading\" data-id=\"b04a5b5\" data-element_type=\"widget\" data-e-type=\"widget\" data-widget_type=\"heading.default\">\n\t\t\t\t\t<h2 class=\"elementor-heading-title elementor-size-default\">Services<\/h2>\t\t\t\t<\/div>\n\t\t\t\t<div class=\"elementor-element elementor-element-16a4e14 elementor-widget elementor-widget-heading\" data-id=\"16a4e14\" data-element_type=\"widget\" data-e-type=\"widget\" data-widget_type=\"heading.default\">\n\t\t\t\t\t<h2 class=\"elementor-heading-title elementor-size-default\">Furniture disassembly and reassembly<\/h2>\t\t\t\t<\/div>\n\t\t\t\t<\/div>\n\t\t\t\t\t<\/div>\n\t\t\t\t<\/div>\n\t\t<div data-particle_enable=\"false\" data-particle-mobile-disabled=\"false\" class=\"elementor-element elementor-element-92e6953 e-flex e-con-boxed wpr-particle-no wpr-jarallax-no wpr-parallax-no wpr-sticky-section-no wpr-equal-height-no e-con e-parent\" data-id=\"92e6953\" data-element_type=\"container\" data-e-type=\"container\">\n\t\t\t\t\t<div class=\"e-con-inner\">\n\t\t<div data-particle_enable=\"false\" data-particle-mobile-disabled=\"false\" class=\"elementor-element elementor-element-79fb8a4 e-con-full e-flex wpr-particle-no wpr-jarallax-no wpr-parallax-no wpr-sticky-section-no wpr-equal-height-no e-con e-child\" data-id=\"79fb8a4\" data-element_type=\"container\" data-e-type=\"container\">\n\t\t<div data-particle_enable=\"false\" data-particle-mobile-disabled=\"false\" class=\"elementor-element elementor-element-6dc7a84 e-grid e-con-full wpr-particle-no wpr-jarallax-no wpr-parallax-no wpr-sticky-section-no wpr-equal-height-no e-con e-child\" data-id=\"6dc7a84\" data-element_type=\"container\" data-e-type=\"container\">\n\t\t\t\t<div class=\"elementor-element elementor-element-ef4cacb elementor-align-center elementor-widget elementor-widget-button\" data-id=\"ef4cacb\" data-element_type=\"widget\" data-e-type=\"widget\" data-widget_type=\"button.default\">\n\t\t\t\t\t\t\t\t\t\t<a class=\"elementor-button elementor-button-link elementor-size-sm\" href=\"https:\/\/www.palficargo.hu\/en\/koltoztetes-arajanlat\/\">\n\t\t\t\t\t\t<span class=\"elementor-button-content-wrapper\">\n\t\t\t\t\t\t\t\t\t<span class=\"elementor-button-text\">Express price quote<\/span>\n\t\t\t\t\t<\/span>\n\t\t\t\t\t<\/a>\n\t\t\t\t\t\t\t\t<\/div>\n\t\t\t\t<\/div>\n\t\t\t\t<div class=\"elementor-element elementor-element-4cf4365 elementor-widget-mobile__width-initial elementor-widget elementor-widget-text-editor\" data-id=\"4cf4365\" data-element_type=\"widget\" data-e-type=\"widget\" data-widget_type=\"text-editor.default\">\n\t\t\t\t\t\t\t\t\t<p>P\u00e1lfi Cargo's furniture assembly service offers a convenient solution for anyone who wants to avoid complicated assembly work. Whether it's assembling newly purchased furniture, disassembling it before moving, or reassembling it at the new location, our experienced team will get the job done quickly and professionally.<\/p><p>Our service is primarily available in Budapest and Pest County, with flexible appointment scheduling.<\/p><h2>Assembly of furniture purchased from a store<\/h2><p>Furniture purchased from large furniture stores such as IKEA, M\u00f6max, XXXLutz, Jysk, or Praktiker is often delivered in flat packs. Assembling these requires a lot of time and patience, especially when there are several pieces of furniture.<\/p><p>We help you get your purchased furniture up and running quickly. If required, the service can also be used in conjunction with furniture collection from the store and home delivery, so you don't have to worry about transport and assembly.<\/p><h2>Particularly useful when moving house<\/h2><p>When moving, many pieces of furniture can only be transported safely if they are dismantled. Our team will ensure that your furniture is professionally dismantled before transport and then reassembled securely and accurately at your new location.<\/p><p><strong>The service may include:<\/strong><br \/>\u2022 dismantling furniture before moving<br \/>\u2022 Systematization of screws and fittings<br \/>\u2022 reassembling furniture at the new location<br \/>\u2022 stable setup and control<\/p><p>This ensures that furniture can be transported safely during the move and quickly put to use in the new home.<\/p><h2>What kind of furniture do we assemble?<\/h2><p>Our experienced team can help you assemble many types of furniture, including:<\/p><ul><li>wardrobes and cabinets<\/li><li>chests of drawers and shelving systems<\/li><li>beds and bed frames<\/li><li>desks and office furniture<\/li><li>living room and dining room furniture<\/li><\/ul><p><br \/>During installation, we pay attention to stability, aesthetic fittings, and secure fastening.<\/p><h2>Fast and flexible service in Budapest<\/h2><p>We undertake furniture assembly work in Budapest and Pest County at pre-arranged times. Thanks to our experience, most flat-pack furniture can be assembled quickly and efficiently.<\/p><h2>Transparent pricing and fair conditions<\/h2><p>Before each order, we discuss the type and quantity of furniture and the conditions on site so that we can provide you with an accurate quote. There are no hidden costs, and you know exactly what to expect. Enter your contact details in the express quote menu, and we will call you back!<\/p>\t\t\t\t\t\t\t\t<\/div>\n\t\t\t\t<\/div>\n\t\t<div data-particle_enable=\"false\" data-particle-mobile-disabled=\"false\" class=\"elementor-element elementor-element-0a3387e e-con-full e-flex wpr-particle-no wpr-jarallax-no wpr-parallax-no wpr-sticky-section-no wpr-equal-height-no e-con e-child\" data-id=\"0a3387e\" data-element_type=\"container\" data-e-type=\"container\">\n\t\t\t\t<div class=\"elementor-element elementor-element-87a412f elementor-widget elementor-widget-image\" data-id=\"87a412f\" data-element_type=\"widget\" data-e-type=\"widget\" data-widget_type=\"image.default\">\n\t\t\t\t\t\t\t\t\t\t\t\t\t\t\t<img decoding=\"async\" src=\"https:\/\/www.palficargo.hu\/wp-content\/uploads\/2025\/11\/moving_03.jpg\" title=\"\" alt=\"\" loading=\"lazy\" \/>\t\t\t\t\t\t\t\t\t\t\t\t\t\t\t<\/div>\n\t\t\t\t<\/div>\n\t\t\t\t\t<\/div>\n\t\t\t\t<\/div>\n\t\t<div data-particle_enable=\"false\" data-particle-mobile-disabled=\"false\" class=\"elementor-element elementor-element-f1db5f9 e-flex e-con-boxed wpr-particle-no wpr-jarallax-no wpr-parallax-no wpr-sticky-section-no wpr-equal-height-no e-con e-parent\" data-id=\"f1db5f9\" data-element_type=\"container\" data-e-type=\"container\" data-settings=\"{&quot;background_background&quot;:&quot;classic&quot;}\">\n\t\t\t\t\t<div class=\"e-con-inner\">\n\t\t\t\t<div class=\"elementor-element elementor-element-d60cd81 elementor-skin-carousel elementor-arrows-yes elementor-pagination-type-bullets elementor-pagination-position-outside elementor-widget elementor-widget-media-carousel\" data-id=\"d60cd81\" data-element_type=\"widget\" data-e-type=\"widget\" data-settings=\"{&quot;slides_per_view&quot;:&quot;5&quot;,&quot;autoplay_speed&quot;:3500,&quot;skin&quot;:&quot;carousel&quot;,&quot;effect&quot;:&quot;slide&quot;,&quot;show_arrows&quot;:&quot;yes&quot;,&quot;pagination&quot;:&quot;bullets&quot;,&quot;speed&quot;:500,&quot;autoplay&quot;:&quot;yes&quot;,&quot;loop&quot;:&quot;yes&quot;,&quot;pause_on_interaction&quot;:&quot;yes&quot;,&quot;space_between&quot;:{&quot;unit&quot;:&quot;px&quot;,&quot;size&quot;:10,&quot;sizes&quot;:[]},&quot;space_between_laptop&quot;:{&quot;unit&quot;:&quot;px&quot;,&quot;size&quot;:10,&quot;sizes&quot;:[]},&quot;space_between_tablet&quot;:{&quot;unit&quot;:&quot;px&quot;,&quot;size&quot;:10,&quot;sizes&quot;:[]},&quot;space_between_mobile&quot;:{&quot;unit&quot;:&quot;px&quot;,&quot;size&quot;:10,&quot;sizes&quot;:[]}}\" data-widget_type=\"media-carousel.default\">\n\t\t\t\t\t\t\t\t\t\t<div class=\"elementor-main-swiper swiper\" role=\"region\" aria-roledescription=\"carousel\" aria-label=\"Slides\">\n\t\t\t\t<div class=\"swiper-wrapper\">\n\t\t\t\t\t\t\t\t\t\t\t<div class=\"swiper-slide\" role=\"group\" aria-roledescription=\"slide\">\n\t\t\t\t\t\t\t\t\t<div class=\"elementor-carousel-image\" role=\"img\" aria-label=\"10\" style=\"background-image: url(&#039;https:\/\/www.palficargo.hu\/wp-content\/uploads\/2025\/11\/10.jpg&#039;)\">\n\n\t\t\t\n\t\t\t\t\t<\/div>\n\t\t\t\t\t\t\t\t<\/div>\n\t\t\t\t\t\t\t\t\t\t\t<div class=\"swiper-slide\" role=\"group\" aria-roledescription=\"slide\">\n\t\t\t\t\t\t\t\t\t<div class=\"elementor-carousel-image\" role=\"img\" aria-label=\"01\" style=\"background-image: url(&#039;https:\/\/www.palficargo.hu\/wp-content\/uploads\/2025\/11\/01.jpg&#039;)\">\n\n\t\t\t\n\t\t\t\t\t<\/div>\n\t\t\t\t\t\t\t\t<\/div>\n\t\t\t\t\t\t\t\t\t\t\t<div class=\"swiper-slide\" role=\"group\" aria-roledescription=\"slide\">\n\t\t\t\t\t\t\t\t\t<div class=\"elementor-carousel-image\" role=\"img\" aria-label=\"02\" style=\"background-image: url(&#039;https:\/\/www.palficargo.hu\/wp-content\/uploads\/2025\/11\/02.jpg&#039;)\">\n\n\t\t\t\n\t\t\t\t\t<\/div>\n\t\t\t\t\t\t\t\t<\/div>\n\t\t\t\t\t\t\t\t\t\t\t<div class=\"swiper-slide\" role=\"group\" aria-roledescription=\"slide\">\n\t\t\t\t\t\t\t\t\t<div class=\"elementor-carousel-image\" role=\"img\" aria-label=\"03\" style=\"background-image: url(&#039;https:\/\/www.palficargo.hu\/wp-content\/uploads\/2025\/11\/03.jpg&#039;)\">\n\n\t\t\t\n\t\t\t\t\t<\/div>\n\t\t\t\t\t\t\t\t<\/div>\n\t\t\t\t\t\t\t\t\t\t\t<div class=\"swiper-slide\" role=\"group\" aria-roledescription=\"slide\">\n\t\t\t\t\t\t\t\t\t<div class=\"elementor-carousel-image\" role=\"img\" aria-label=\"04\" style=\"background-image: url(&#039;https:\/\/www.palficargo.hu\/wp-content\/uploads\/2025\/11\/04.jpg&#039;)\">\n\n\t\t\t\n\t\t\t\t\t<\/div>\n\t\t\t\t\t\t\t\t<\/div>\n\t\t\t\t\t\t\t\t\t\t\t<div class=\"swiper-slide\" role=\"group\" aria-roledescription=\"slide\">\n\t\t\t\t\t\t\t\t\t<div class=\"elementor-carousel-image\" role=\"img\" aria-label=\"05\" style=\"background-image: url(&#039;https:\/\/www.palficargo.hu\/wp-content\/uploads\/2025\/11\/05.jpg&#039;)\">\n\n\t\t\t\n\t\t\t\t\t<\/div>\n\t\t\t\t\t\t\t\t<\/div>\n\t\t\t\t\t\t\t\t\t\t\t<div class=\"swiper-slide\" role=\"group\" aria-roledescription=\"slide\">\n\t\t\t\t\t\t\t\t\t<div class=\"elementor-carousel-image\" role=\"img\" aria-label=\"06\" style=\"background-image: url(&#039;https:\/\/www.palficargo.hu\/wp-content\/uploads\/2025\/11\/06.jpg&#039;)\">\n\n\t\t\t\n\t\t\t\t\t<\/div>\n\t\t\t\t\t\t\t\t<\/div>\n\t\t\t\t\t\t\t\t\t\t\t<div class=\"swiper-slide\" role=\"group\" aria-roledescription=\"slide\">\n\t\t\t\t\t\t\t\t\t<div class=\"elementor-carousel-image\" role=\"img\" aria-label=\"07\" style=\"background-image: url(&#039;https:\/\/www.palficargo.hu\/wp-content\/uploads\/2025\/11\/07.jpg&#039;)\">\n\n\t\t\t\n\t\t\t\t\t<\/div>\n\t\t\t\t\t\t\t\t<\/div>\n\t\t\t\t\t\t\t\t\t\t\t<div class=\"swiper-slide\" role=\"group\" aria-roledescription=\"slide\">\n\t\t\t\t\t\t\t\t\t<div class=\"elementor-carousel-image\" role=\"img\" aria-label=\"08\" style=\"background-image: url(&#039;https:\/\/www.palficargo.hu\/wp-content\/uploads\/2025\/11\/08.jpg&#039;)\">\n\n\t\t\t\n\t\t\t\t\t<\/div>\n\t\t\t\t\t\t\t\t<\/div>\n\t\t\t\t\t\t\t\t\t\t\t<div class=\"swiper-slide\" role=\"group\" aria-roledescription=\"slide\">\n\t\t\t\t\t\t\t\t\t<div class=\"elementor-carousel-image\" role=\"img\" aria-label=\"09\" style=\"background-image: url(&#039;https:\/\/www.palficargo.hu\/wp-content\/uploads\/2025\/11\/09.jpg&#039;)\">\n\n\t\t\t\n\t\t\t\t\t<\/div>\n\t\t\t\t\t\t\t\t<\/div>\n\t\t\t\t\t\t\t\t\t\t\t<div class=\"swiper-slide\" role=\"group\" aria-roledescription=\"slide\">\n\t\t\t\t\t\t\t\t\t<div class=\"elementor-carousel-image\" role=\"img\" aria-label=\"11\" style=\"background-image: url(&#039;https:\/\/www.palficargo.hu\/wp-content\/uploads\/2025\/11\/11.jpg&#039;)\">\n\n\t\t\t\n\t\t\t\t\t<\/div>\n\t\t\t\t\t\t\t\t<\/div>\n\t\t\t\t\t\t\t\t\t<\/div>\n\t\t\t\t\t\t\t\t\t\t\t\t\t\t\t<div class=\"elementor-swiper-button elementor-swiper-button-prev\" role=\"button\" tabindex=\"0\" aria-label=\"Previous\">\n\t\t\t\t\t\t\t<svg aria-hidden=\"true\" class=\"e-font-icon-svg e-eicon-chevron-left\" viewbox=\"0 0 1000 1000\" xmlns=\"http:\/\/www.w3.org\/2000\/svg\"><path d=\"M646 125C629 125 613 133 604 142L308 442C296 454 292 471 292 487 292 504 296 521 308 533L604 854C617 867 629 875 646 875 663 875 679 871 692 858 704 846 713 829 713 812 713 796 708 779 692 767L438 487 692 225C700 217 708 204 708 187 708 171 704 154 692 142 675 129 663 125 646 125Z\"><\/path><\/svg>\t\t\t\t\t\t<\/div>\n\t\t\t\t\t\t<div class=\"elementor-swiper-button elementor-swiper-button-next\" role=\"button\" tabindex=\"0\" aria-label=\"Next\">\n\t\t\t\t\t\t\t<svg aria-hidden=\"true\" class=\"e-font-icon-svg e-eicon-chevron-right\" viewbox=\"0 0 1000 1000\" xmlns=\"http:\/\/www.w3.org\/2000\/svg\"><path d=\"M696 533C708 521 713 504 713 487 713 471 708 454 696 446L400 146C388 133 375 125 354 125 338 125 325 129 313 142 300 154 292 171 292 187 292 204 296 221 308 233L563 492 304 771C292 783 288 800 288 817 288 833 296 850 308 863 321 871 338 875 354 875 371 875 388 867 400 854L696 533Z\"><\/path><\/svg>\t\t\t\t\t\t<\/div>\n\t\t\t\t\t\t\t\t\t\t\t\t\t\t\t\t<div class=\"swiper-pagination\"><\/div>\n\t\t\t\t\t\t\t\t\t\t\t\t<\/div>\n\t\t\t\t\t\t\t\t<\/div>\n\t\t\t\t\t<\/div>\n\t\t\t\t<\/div>\n\t\t<div data-particle_enable=\"false\" data-particle-mobile-disabled=\"false\" class=\"elementor-element elementor-element-754124d e-flex e-con-boxed wpr-particle-no wpr-jarallax-no wpr-parallax-no wpr-sticky-section-no wpr-equal-height-no e-con e-parent\" data-id=\"754124d\" data-element_type=\"container\" data-e-type=\"container\" data-settings=\"{&quot;background_background&quot;:&quot;classic&quot;}\">\n\t\t\t\t\t<div class=\"e-con-inner\">\n\t\t<div data-particle_enable=\"false\" data-particle-mobile-disabled=\"false\" class=\"elementor-element elementor-element-604525d e-con-full e-flex wpr-particle-no wpr-jarallax-no wpr-parallax-no wpr-sticky-section-no wpr-equal-height-no e-con e-child\" data-id=\"604525d\" data-element_type=\"container\" data-e-type=\"container\">\n\t\t\t\t<div class=\"elementor-element elementor-element-793cb27 elementor-widget elementor-widget-heading\" data-id=\"793cb27\" data-element_type=\"widget\" data-e-type=\"widget\" data-widget_type=\"heading.default\">\n\t\t\t\t\t<h2 class=\"elementor-heading-title elementor-size-default\">Get in touch with us!<\/h2>\t\t\t\t<\/div>\n\t\t\t\t<div class=\"elementor-element elementor-element-155c349 elementor-widget elementor-widget-heading\" data-id=\"155c349\" data-element_type=\"widget\" data-e-type=\"widget\" data-widget_type=\"heading.default\">\n\t\t\t\t\t<h2 class=\"elementor-heading-title elementor-size-default\">06-70-290-85-78<\/h2>\t\t\t\t<\/div>\n\t\t\t\t<\/div>\n\t\t<div data-particle_enable=\"false\" data-particle-mobile-disabled=\"false\" class=\"elementor-element elementor-element-ff64286 e-con-full e-flex wpr-particle-no wpr-jarallax-no wpr-parallax-no wpr-sticky-section-no wpr-equal-height-no e-con e-child\" data-id=\"ff64286\" data-element_type=\"container\" data-e-type=\"container\">\n\t\t\t\t<div class=\"elementor-element elementor-element-e36c7ce elementor-align-center elementor-widget elementor-widget-button\" data-id=\"e36c7ce\" data-element_type=\"widget\" data-e-type=\"widget\" data-widget_type=\"button.default\">\n\t\t\t\t\t\t\t\t\t\t<a class=\"elementor-button elementor-button-link elementor-size-sm\" href=\"https:\/\/www.palficargo.hu\/en\/koltoztetes-arajanlat\/\">\n\t\t\t\t\t\t<span class=\"elementor-button-content-wrapper\">\n\t\t\t\t\t\t\t\t\t<span class=\"elementor-button-text\">Express price quote<\/span>\n\t\t\t\t\t<\/span>\n\t\t\t\t\t<\/a>\n\t\t\t\t\t\t\t\t<\/div>\n\t\t\t\t<\/div>\n\t\t\t\t\t<\/div>\n\t\t\t\t<\/div>\n\t\t\t\t<\/div>","protected":false},"excerpt":{"rendered":"<p>Szolg\u00e1ltat\u00e1sok B\u00fator sz\u00e9tszerel\u00e9s \u00e9s \u00f6sszeszerel\u00e9s Express \u00e1raj\u00e1nlat A P\u00e1lfi Cargo b\u00fator \u00f6sszeszerel\u00e9si szolg\u00e1ltat\u00e1sa k\u00e9nyelmes megold\u00e1st k\u00edn\u00e1l mindazoknak, akik szeretn\u00e9k elker\u00fclni a bonyolult szerel\u00e9si munk\u00e1kat. Legyen sz\u00f3 \u00fajonnan v\u00e1s\u00e1rolt b\u00fatorok \u00f6sszeszerel\u00e9s\u00e9r\u0151l, k\u00f6lt\u00f6z\u00e9s el\u0151tti sz\u00e9tszerel\u00e9sr\u0151l vagy az \u00faj helysz\u00ednen t\u00f6rt\u00e9n\u0151 ism\u00e9telt \u00f6sszerak\u00e1sr\u00f3l, tapasztalt csapatunk gyorsan \u00e9s szakszer\u0171en v\u00e9gzi el a feladatot. Szolg\u00e1ltat\u00e1sunk els\u0151sorban Budapesten \u00e9s Pest megy\u00e9ben \u00e9rhet\u0151 el, rugalmas id\u0151pont-egyeztet\u00e9ssel. B\u00fatorok \u00f6sszeszerel\u00e9se \u00e1ruh\u00e1zb\u00f3l v\u00e1s\u00e1rolt term\u00e9kek eset\u00e9n A nagy b\u00fator\u00e1ruh\u00e1zakban \u2013 p\u00e9ld\u00e1ul IKEA, M\u00f6max, XXXLutz, Jysk vagy Praktiker \u2013 v\u00e1s\u00e1rolt b\u00fatorok gyakran lapraszerelt form\u00e1ban ker\u00fclnek \u00e1tad\u00e1sra. Ezek \u00f6sszeszerel\u00e9se sok id\u0151t \u00e9s t\u00fcrelmet ig\u00e9nyel, k\u00fcl\u00f6n\u00f6sen akkor, ha t\u00f6bb b\u00fatorr\u00f3l van sz\u00f3. Mi seg\u00edt\u00fcnk abban, hogy a megv\u00e1s\u00e1rolt b\u00fatorok gyorsan haszn\u00e1latba ker\u00fcljenek. Ig\u00e9ny eset\u00e9n a szolg\u00e1ltat\u00e1s a b\u00fatorok \u00e1ruh\u00e1zi \u00e1tv\u00e9tel\u00e9vel \u00e9s h\u00e1zhozsz\u00e1ll\u00edt\u00e1s\u00e1val egy\u00fctt is ig\u00e9nybe vehet\u0151, \u00edgy \u00d6nnek nem kell a sz\u00e1ll\u00edt\u00e1ssal \u00e9s a szerel\u00e9ssel foglalkoznia. K\u00f6lt\u00f6z\u00e9sn\u00e9l k\u00fcl\u00f6n\u00f6sen hasznos K\u00f6lt\u00f6z\u00e9s eset\u00e9n sok b\u00fator csak sz\u00e9tszerelve sz\u00e1ll\u00edthat\u00f3 biztons\u00e1gosan. Csapatunk gondoskodik r\u00f3la, hogy a b\u00fatorok szakszer\u0171en ker\u00fcljenek lapra szerel\u00e9sre a sz\u00e1ll\u00edt\u00e1s el\u0151tt, majd az \u00faj helysz\u00ednen ism\u00e9t stabilan \u00e9s pontosan \u00f6sszeszerelj\u00fck \u0151ket. A szolg\u00e1ltat\u00e1s r\u00e9sze lehet: \u2022 b\u00fatorok sz\u00e9tszerel\u00e9se k\u00f6lt\u00f6z\u00e9s el\u0151tt \u2022 csavarok \u00e9s szerelv\u00e9nyek rendszerez\u00e9se \u2022 b\u00fatorok \u00fajra \u00f6sszeszerel\u00e9se az \u00faj helysz\u00ednen \u2022 stabil be\u00e1ll\u00edt\u00e1s \u00e9s ellen\u0151rz\u00e9s \u00cdgy a k\u00f6lt\u00f6z\u00e9s sor\u00e1n a b\u00fatorok biztons\u00e1gosan sz\u00e1ll\u00edthat\u00f3k, \u00e9s az \u00faj otthonban gyorsan haszn\u00e1latba vehet\u0151k. Milyen b\u00fatorokat szerel\u00fcnk \u00f6ssze? Tapasztalt csapatunk sz\u00e1mos b\u00fatort\u00edpus \u00f6sszeszerel\u00e9s\u00e9ben seg\u00edt, t\u00f6bbek k\u00f6z\u00f6tt: gardr\u00f3bok \u00e9s szekr\u00e9nyek kom\u00f3dok \u00e9s polcrendszerek \u00e1gyak \u00e9s \u00e1gykeretek \u00edr\u00f3asztalok \u00e9s irodab\u00fatorok nappali \u00e9s \u00e9tkez\u0151 b\u00fatorok A szerel\u00e9s sor\u00e1n figyel\u00fcnk a stabilit\u00e1sra, az eszt\u00e9tikus illeszt\u00e9sekre \u00e9s a biztons\u00e1gos r\u00f6gz\u00edt\u00e9sre. Gyors \u00e9s rugalmas szolg\u00e1ltat\u00e1s Budapesten A b\u00fator szerel\u00e9si munk\u00e1kat Budapesten \u00e9s Pest megy\u00e9ben v\u00e1llaljuk, el\u0151re egyeztetett id\u0151pontban. Tapasztalatunknak k\u00f6sz\u00f6nhet\u0151en a legt\u00f6bb lapraszerelt b\u00fator gyorsan \u00e9s hat\u00e9konyan \u00f6sszeszerelhet\u0151. \u00c1tl\u00e1that\u00f3 \u00e1rak, korrekt felt\u00e9telek Minden megrendel\u00e9s el\u0151tt egyeztetj\u00fck a b\u00fatorok t\u00edpus\u00e1t, mennyis\u00e9g\u00e9t \u00e9s a helysz\u00edni k\u00f6r\u00fclm\u00e9nyeket, \u00edgy pontos aj\u00e1nlatot tudunk adni. Nincsenek rejtett k\u00f6lts\u00e9gek, \u00e9s \u00d6n pontosan tudja, mire sz\u00e1m\u00edthat. Az express \u00e1raj\u00e1nlat men\u00fcpontban adja meg el\u00e9rhet\u0151s\u00e9geit, \u00e9s visszah\u00edvjuk! L\u00e9pjen kapcsolatba vel\u00fcnk! 06-70-290-85-78 Express \u00e1raj\u00e1nlat<\/p>","protected":false},"author":1,"featured_media":0,"parent":0,"menu_order":0,"comment_status":"closed","ping_status":"closed","template":"elementor_canvas","meta":{"footnotes":""},"class_list":["post-3305","page","type-page","status-publish","hentry"],"acf":[],"_links":{"self":[{"href":"https:\/\/www.palficargo.hu\/en\/wp-json\/wp\/v2\/pages\/3305","targetHints":{"allow":["GET"]}}],"collection":[{"href":"https:\/\/www.palficargo.hu\/en\/wp-json\/wp\/v2\/pages"}],"about":[{"href":"https:\/\/www.palficargo.hu\/en\/wp-json\/wp\/v2\/types\/page"}],"author":[{"embeddable":true,"href":"https:\/\/www.palficargo.hu\/en\/wp-json\/wp\/v2\/users\/1"}],"replies":[{"embeddable":true,"href":"https:\/\/www.palficargo.hu\/en\/wp-json\/wp\/v2\/comments?post=3305"}],"version-history":[{"count":25,"href":"https:\/\/www.palficargo.hu\/en\/wp-json\/wp\/v2\/pages\/3305\/revisions"}],"predecessor-version":[{"id":5843,"href":"https:\/\/www.palficargo.hu\/en\/wp-json\/wp\/v2\/pages\/3305\/revisions\/5843"}],"wp:attachment":[{"href":"https:\/\/www.palficargo.hu\/en\/wp-json\/wp\/v2\/media?parent=3305"}],"curies":[{"name":"wp","href":"https:\/\/api.w.org\/{rel}","templated":true}]}}