{"id":3372,"date":"2025-11-10T09:47:56","date_gmt":"2025-11-10T08:47:56","guid":{"rendered":"https:\/\/www.palficargo.hu\/?page_id=3372"},"modified":"2026-03-31T07:58:48","modified_gmt":"2026-03-31T05:58:48","slug":"lomtalanitas","status":"publish","type":"page","link":"https:\/\/www.palficargo.hu\/en\/lomtalanitas","title":{"rendered":"Junk removal"},"content":{"rendered":"<div data-elementor-type=\"wp-page\" data-elementor-id=\"3372\" class=\"elementor elementor-3372\" data-elementor-post-type=\"page\">\n\t\t\t\t<div data-particle_enable=\"false\" data-particle-mobile-disabled=\"false\" class=\"elementor-element elementor-element-2a9bb7f e-flex e-con-boxed wpr-particle-no wpr-jarallax-no wpr-parallax-no wpr-sticky-section-no wpr-equal-height-no e-con e-parent\" data-id=\"2a9bb7f\" data-element_type=\"container\" data-e-type=\"container\" data-settings=\"{&quot;background_background&quot;:&quot;classic&quot;}\">\n\t\t\t\t\t<div class=\"e-con-inner\">\n\t\t<div data-particle_enable=\"false\" data-particle-mobile-disabled=\"false\" class=\"elementor-element elementor-element-31d4b69 e-con-full e-flex wpr-particle-no wpr-jarallax-no wpr-parallax-no wpr-sticky-section-no wpr-equal-height-no e-con e-child\" data-id=\"31d4b69\" data-element_type=\"container\" data-e-type=\"container\">\n\t\t\t\t<div class=\"elementor-element elementor-element-b04a5b5 elementor-widget elementor-widget-heading\" data-id=\"b04a5b5\" data-element_type=\"widget\" data-e-type=\"widget\" data-widget_type=\"heading.default\">\n\t\t\t\t\t<h2 class=\"elementor-heading-title elementor-size-default\">Services<\/h2>\t\t\t\t<\/div>\n\t\t\t\t<div class=\"elementor-element elementor-element-16a4e14 elementor-widget elementor-widget-heading\" data-id=\"16a4e14\" data-element_type=\"widget\" data-e-type=\"widget\" data-widget_type=\"heading.default\">\n\t\t\t\t\t<h1 class=\"elementor-heading-title elementor-size-default\">Junk removal<\/h1>\t\t\t\t<\/div>\n\t\t\t\t<\/div>\n\t\t\t\t\t<\/div>\n\t\t\t\t<\/div>\n\t\t<div data-particle_enable=\"false\" data-particle-mobile-disabled=\"false\" class=\"elementor-element elementor-element-92e6953 e-flex e-con-boxed wpr-particle-no wpr-jarallax-no wpr-parallax-no wpr-sticky-section-no wpr-equal-height-no e-con e-parent\" data-id=\"92e6953\" data-element_type=\"container\" data-e-type=\"container\">\n\t\t\t\t\t<div class=\"e-con-inner\">\n\t\t<div data-particle_enable=\"false\" data-particle-mobile-disabled=\"false\" class=\"elementor-element elementor-element-79fb8a4 e-con-full e-flex wpr-particle-no wpr-jarallax-no wpr-parallax-no wpr-sticky-section-no wpr-equal-height-no e-con e-child\" data-id=\"79fb8a4\" data-element_type=\"container\" data-e-type=\"container\">\n\t\t\t\t<div class=\"elementor-element elementor-element-4cf4365 elementor-widget-mobile__width-initial elementor-widget elementor-widget-text-editor\" data-id=\"4cf4365\" data-element_type=\"widget\" data-e-type=\"widget\" data-widget_type=\"text-editor.default\">\n\t\t\t\t\t\t\t\t\t<p class=\"p1 translation-block\">P\u00e1lfi Cargo\u2019s junk removal service offers a practical and efficient solution when you want to get rid of unnecessary, bulky, or hard-to-handle items from your home, garden, or business premises. Our service is primarily available in Budapest and Pest County, with flexible scheduling and fast execution.<\/p><p class=\"p1 translation-block\">Junk removal is not only useful during large-scale clear-outs. It also provides a quick and stress-free solution during a move, renovation, or seasonal spring or winter cleaning, helping you restore order and eliminate unwanted items.<\/p><h3><b>What do we mean by junk removal?<\/b><\/h3><p class=\"p1\">During junk removal, we organize and remove unwanted items, furniture, and other bulky or difficult-to-handle objects from the location you specify. Our goal is to make spaces usable and tidy again.<br \/><br \/><\/p><h3><b>What do we remove?<\/b><\/h3><p class=\"p1\">Our service includes, among others:<\/p><ul><li><p class=\"p1\">old furniture and wardrobes,<\/p><\/li><li><p class=\"p1\">damaged or worn-out furnishings,<\/p><\/li><li><p class=\"p1\">unused electronic devices,<\/p><\/li><li><p class=\"p1\">junk free from construction debris,<\/p><\/li><li><p class=\"p1\">other non-hazardous, transportable items.<br \/><br \/><\/p><\/li><\/ul><h3><b>Hazardous waste removal is not junk removal<\/b><\/h3><p class=\"p1 translation-block\">It is important to note that junk removal does not include the handling or transportation of hazardous waste, dangerous materials, or items requiring special permits. The purpose of this service is the quick and efficient removal of junk that is difficult to move under normal circumstances or cannot be handled through standard waste disposal processes.<\/p><h3><b>How does the process work?<\/b><\/h3><p class=\"p1\">We arrive at a pre-arranged time, assess the items to be removed, and take care of their safe and professional removal. If necessary, we also help with collecting and organizing items on site to ensure the junk removal process runs smoothly.<br \/><br \/><\/p><h3><b>Why choose P\u00e1lfi Cargo for junk removal?<\/b><\/h3><p class=\"p1\">You no longer have to struggle alone with bulky items, heavy furniture, or accumulated junk. Our experienced team works quickly, precisely, and carefully, paying attention to both safety and efficiency. Our goal is to make junk removal as simple and hassle-free as possible for you.<br \/><br \/><\/p><h3><b>Flexible scheduling in Budapest and Pest County<\/b><\/h3><p class=\"p1\">We tailor junk removal to your schedule. We provide services at pre-arranged times in Budapest and Pest County locations, whether it is an apartment, a family house, or a business premises.<br \/><br \/><\/p><h3><b>Transparent pricing and fair conditions<\/b><\/h3><p class=\"p1\">Before every junk removal job, we provide a clear and accurate quotation so you can see the full cost in advance. There are no hidden fees or unpleasant surprises, as every detail is agreed upon beforehand.<\/p><p class=\"p1\">Contact us and request a personalized offer in Budapest or Pest County.<\/p><p class=\"p1\">P\u00e1lfi Cargo\u2019s goal is to make your spaces tidy and usable again.<\/p>\t\t\t\t\t\t\t\t<\/div>\n\t\t<div data-particle_enable=\"false\" data-particle-mobile-disabled=\"false\" class=\"elementor-element elementor-element-6dc7a84 e-grid e-con-full wpr-particle-no wpr-jarallax-no wpr-parallax-no wpr-sticky-section-no wpr-equal-height-no e-con e-child\" data-id=\"6dc7a84\" data-element_type=\"container\" data-e-type=\"container\">\n\t\t\t\t<div class=\"elementor-element elementor-element-ef4cacb elementor-align-center elementor-widget elementor-widget-button\" data-id=\"ef4cacb\" data-element_type=\"widget\" data-e-type=\"widget\" data-widget_type=\"button.default\">\n\t\t\t\t\t\t\t\t\t\t<a class=\"elementor-button elementor-button-link elementor-size-sm\" href=\"https:\/\/www.palficargo.hu\/en\/koltoztetes-arajanlat\/\">\n\t\t\t\t\t\t<span class=\"elementor-button-content-wrapper\">\n\t\t\t\t\t\t\t\t\t<span class=\"elementor-button-text\">Express price quote<\/span>\n\t\t\t\t\t<\/span>\n\t\t\t\t\t<\/a>\n\t\t\t\t\t\t\t\t<\/div>\n\t\t\t\t<\/div>\n\t\t\t\t<\/div>\n\t\t<div data-particle_enable=\"false\" data-particle-mobile-disabled=\"false\" class=\"elementor-element elementor-element-0a3387e e-con-full e-flex wpr-particle-no wpr-jarallax-no wpr-parallax-no wpr-sticky-section-no wpr-equal-height-no e-con e-child\" data-id=\"0a3387e\" data-element_type=\"container\" data-e-type=\"container\">\n\t\t\t\t<div class=\"elementor-element elementor-element-87a412f elementor-widget elementor-widget-image\" data-id=\"87a412f\" data-element_type=\"widget\" data-e-type=\"widget\" data-widget_type=\"image.default\">\n\t\t\t\t\t\t\t\t\t\t\t\t\t\t\t<img decoding=\"async\" src=\"https:\/\/www.palficargo.hu\/wp-content\/uploads\/2025\/11\/moving_08.jpg\" title=\"\" alt=\"\" loading=\"lazy\" \/>\t\t\t\t\t\t\t\t\t\t\t\t\t\t\t<\/div>\n\t\t\t\t<\/div>\n\t\t\t\t\t<\/div>\n\t\t\t\t<\/div>\n\t\t<div data-particle_enable=\"false\" data-particle-mobile-disabled=\"false\" class=\"elementor-element elementor-element-f1db5f9 e-flex e-con-boxed wpr-particle-no wpr-jarallax-no wpr-parallax-no wpr-sticky-section-no wpr-equal-height-no e-con e-parent\" data-id=\"f1db5f9\" data-element_type=\"container\" data-e-type=\"container\" data-settings=\"{&quot;background_background&quot;:&quot;classic&quot;}\">\n\t\t\t\t\t<div class=\"e-con-inner\">\n\t\t\t\t<div class=\"elementor-element elementor-element-d60cd81 elementor-skin-carousel elementor-arrows-yes elementor-pagination-type-bullets elementor-pagination-position-outside elementor-widget elementor-widget-media-carousel\" data-id=\"d60cd81\" data-element_type=\"widget\" data-e-type=\"widget\" data-settings=\"{&quot;slides_per_view&quot;:&quot;5&quot;,&quot;autoplay_speed&quot;:3500,&quot;skin&quot;:&quot;carousel&quot;,&quot;effect&quot;:&quot;slide&quot;,&quot;show_arrows&quot;:&quot;yes&quot;,&quot;pagination&quot;:&quot;bullets&quot;,&quot;speed&quot;:500,&quot;autoplay&quot;:&quot;yes&quot;,&quot;loop&quot;:&quot;yes&quot;,&quot;pause_on_interaction&quot;:&quot;yes&quot;,&quot;space_between&quot;:{&quot;unit&quot;:&quot;px&quot;,&quot;size&quot;:10,&quot;sizes&quot;:[]},&quot;space_between_laptop&quot;:{&quot;unit&quot;:&quot;px&quot;,&quot;size&quot;:10,&quot;sizes&quot;:[]},&quot;space_between_tablet&quot;:{&quot;unit&quot;:&quot;px&quot;,&quot;size&quot;:10,&quot;sizes&quot;:[]},&quot;space_between_mobile&quot;:{&quot;unit&quot;:&quot;px&quot;,&quot;size&quot;:10,&quot;sizes&quot;:[]}}\" data-widget_type=\"media-carousel.default\">\n\t\t\t\t\t\t\t\t\t\t<div class=\"elementor-main-swiper swiper\" role=\"region\" aria-roledescription=\"carousel\" aria-label=\"Slides\">\n\t\t\t\t<div class=\"swiper-wrapper\">\n\t\t\t\t\t\t\t\t\t\t\t<div class=\"swiper-slide\" role=\"group\" aria-roledescription=\"slide\">\n\t\t\t\t\t\t\t\t\t<div class=\"elementor-carousel-image\" role=\"img\" aria-label=\"10\" style=\"background-image: url(&#039;https:\/\/www.palficargo.hu\/wp-content\/uploads\/2025\/11\/10.jpg&#039;)\">\n\n\t\t\t\n\t\t\t\t\t<\/div>\n\t\t\t\t\t\t\t\t<\/div>\n\t\t\t\t\t\t\t\t\t\t\t<div class=\"swiper-slide\" role=\"group\" aria-roledescription=\"slide\">\n\t\t\t\t\t\t\t\t\t<div class=\"elementor-carousel-image\" role=\"img\" aria-label=\"01\" style=\"background-image: url(&#039;https:\/\/www.palficargo.hu\/wp-content\/uploads\/2025\/11\/01.jpg&#039;)\">\n\n\t\t\t\n\t\t\t\t\t<\/div>\n\t\t\t\t\t\t\t\t<\/div>\n\t\t\t\t\t\t\t\t\t\t\t<div class=\"swiper-slide\" role=\"group\" aria-roledescription=\"slide\">\n\t\t\t\t\t\t\t\t\t<div class=\"elementor-carousel-image\" role=\"img\" aria-label=\"02\" style=\"background-image: url(&#039;https:\/\/www.palficargo.hu\/wp-content\/uploads\/2025\/11\/02.jpg&#039;)\">\n\n\t\t\t\n\t\t\t\t\t<\/div>\n\t\t\t\t\t\t\t\t<\/div>\n\t\t\t\t\t\t\t\t\t\t\t<div class=\"swiper-slide\" role=\"group\" aria-roledescription=\"slide\">\n\t\t\t\t\t\t\t\t\t<div class=\"elementor-carousel-image\" role=\"img\" aria-label=\"03\" style=\"background-image: url(&#039;https:\/\/www.palficargo.hu\/wp-content\/uploads\/2025\/11\/03.jpg&#039;)\">\n\n\t\t\t\n\t\t\t\t\t<\/div>\n\t\t\t\t\t\t\t\t<\/div>\n\t\t\t\t\t\t\t\t\t\t\t<div class=\"swiper-slide\" role=\"group\" aria-roledescription=\"slide\">\n\t\t\t\t\t\t\t\t\t<div class=\"elementor-carousel-image\" role=\"img\" aria-label=\"04\" style=\"background-image: url(&#039;https:\/\/www.palficargo.hu\/wp-content\/uploads\/2025\/11\/04.jpg&#039;)\">\n\n\t\t\t\n\t\t\t\t\t<\/div>\n\t\t\t\t\t\t\t\t<\/div>\n\t\t\t\t\t\t\t\t\t\t\t<div class=\"swiper-slide\" role=\"group\" aria-roledescription=\"slide\">\n\t\t\t\t\t\t\t\t\t<div class=\"elementor-carousel-image\" role=\"img\" aria-label=\"05\" style=\"background-image: url(&#039;https:\/\/www.palficargo.hu\/wp-content\/uploads\/2025\/11\/05.jpg&#039;)\">\n\n\t\t\t\n\t\t\t\t\t<\/div>\n\t\t\t\t\t\t\t\t<\/div>\n\t\t\t\t\t\t\t\t\t\t\t<div class=\"swiper-slide\" role=\"group\" aria-roledescription=\"slide\">\n\t\t\t\t\t\t\t\t\t<div class=\"elementor-carousel-image\" role=\"img\" aria-label=\"06\" style=\"background-image: url(&#039;https:\/\/www.palficargo.hu\/wp-content\/uploads\/2025\/11\/06.jpg&#039;)\">\n\n\t\t\t\n\t\t\t\t\t<\/div>\n\t\t\t\t\t\t\t\t<\/div>\n\t\t\t\t\t\t\t\t\t\t\t<div class=\"swiper-slide\" role=\"group\" aria-roledescription=\"slide\">\n\t\t\t\t\t\t\t\t\t<div class=\"elementor-carousel-image\" role=\"img\" aria-label=\"07\" style=\"background-image: url(&#039;https:\/\/www.palficargo.hu\/wp-content\/uploads\/2025\/11\/07.jpg&#039;)\">\n\n\t\t\t\n\t\t\t\t\t<\/div>\n\t\t\t\t\t\t\t\t<\/div>\n\t\t\t\t\t\t\t\t\t\t\t<div class=\"swiper-slide\" role=\"group\" aria-roledescription=\"slide\">\n\t\t\t\t\t\t\t\t\t<div class=\"elementor-carousel-image\" role=\"img\" aria-label=\"08\" style=\"background-image: url(&#039;https:\/\/www.palficargo.hu\/wp-content\/uploads\/2025\/11\/08.jpg&#039;)\">\n\n\t\t\t\n\t\t\t\t\t<\/div>\n\t\t\t\t\t\t\t\t<\/div>\n\t\t\t\t\t\t\t\t\t\t\t<div class=\"swiper-slide\" role=\"group\" aria-roledescription=\"slide\">\n\t\t\t\t\t\t\t\t\t<div class=\"elementor-carousel-image\" role=\"img\" aria-label=\"09\" style=\"background-image: url(&#039;https:\/\/www.palficargo.hu\/wp-content\/uploads\/2025\/11\/09.jpg&#039;)\">\n\n\t\t\t\n\t\t\t\t\t<\/div>\n\t\t\t\t\t\t\t\t<\/div>\n\t\t\t\t\t\t\t\t\t\t\t<div class=\"swiper-slide\" role=\"group\" aria-roledescription=\"slide\">\n\t\t\t\t\t\t\t\t\t<div class=\"elementor-carousel-image\" role=\"img\" aria-label=\"11\" style=\"background-image: url(&#039;https:\/\/www.palficargo.hu\/wp-content\/uploads\/2025\/11\/11.jpg&#039;)\">\n\n\t\t\t\n\t\t\t\t\t<\/div>\n\t\t\t\t\t\t\t\t<\/div>\n\t\t\t\t\t\t\t\t\t<\/div>\n\t\t\t\t\t\t\t\t\t\t\t\t\t\t\t<div class=\"elementor-swiper-button elementor-swiper-button-prev\" role=\"button\" tabindex=\"0\" aria-label=\"Previous\">\n\t\t\t\t\t\t\t<svg aria-hidden=\"true\" class=\"e-font-icon-svg e-eicon-chevron-left\" viewbox=\"0 0 1000 1000\" xmlns=\"http:\/\/www.w3.org\/2000\/svg\"><path d=\"M646 125C629 125 613 133 604 142L308 442C296 454 292 471 292 487 292 504 296 521 308 533L604 854C617 867 629 875 646 875 663 875 679 871 692 858 704 846 713 829 713 812 713 796 708 779 692 767L438 487 692 225C700 217 708 204 708 187 708 171 704 154 692 142 675 129 663 125 646 125Z\"><\/path><\/svg>\t\t\t\t\t\t<\/div>\n\t\t\t\t\t\t<div class=\"elementor-swiper-button elementor-swiper-button-next\" role=\"button\" tabindex=\"0\" aria-label=\"Next\">\n\t\t\t\t\t\t\t<svg aria-hidden=\"true\" class=\"e-font-icon-svg e-eicon-chevron-right\" viewbox=\"0 0 1000 1000\" xmlns=\"http:\/\/www.w3.org\/2000\/svg\"><path d=\"M696 533C708 521 713 504 713 487 713 471 708 454 696 446L400 146C388 133 375 125 354 125 338 125 325 129 313 142 300 154 292 171 292 187 292 204 296 221 308 233L563 492 304 771C292 783 288 800 288 817 288 833 296 850 308 863 321 871 338 875 354 875 371 875 388 867 400 854L696 533Z\"><\/path><\/svg>\t\t\t\t\t\t<\/div>\n\t\t\t\t\t\t\t\t\t\t\t\t\t\t\t\t<div class=\"swiper-pagination\"><\/div>\n\t\t\t\t\t\t\t\t\t\t\t\t<\/div>\n\t\t\t\t\t\t\t\t<\/div>\n\t\t\t\t\t<\/div>\n\t\t\t\t<\/div>\n\t\t<div data-particle_enable=\"false\" data-particle-mobile-disabled=\"false\" class=\"elementor-element elementor-element-754124d e-flex e-con-boxed wpr-particle-no wpr-jarallax-no wpr-parallax-no wpr-sticky-section-no wpr-equal-height-no e-con e-parent\" data-id=\"754124d\" data-element_type=\"container\" data-e-type=\"container\" data-settings=\"{&quot;background_background&quot;:&quot;classic&quot;}\">\n\t\t\t\t\t<div class=\"e-con-inner\">\n\t\t<div data-particle_enable=\"false\" data-particle-mobile-disabled=\"false\" class=\"elementor-element elementor-element-604525d e-con-full e-flex wpr-particle-no wpr-jarallax-no wpr-parallax-no wpr-sticky-section-no wpr-equal-height-no e-con e-child\" data-id=\"604525d\" data-element_type=\"container\" data-e-type=\"container\">\n\t\t\t\t<div class=\"elementor-element elementor-element-793cb27 elementor-widget elementor-widget-heading\" data-id=\"793cb27\" data-element_type=\"widget\" data-e-type=\"widget\" data-widget_type=\"heading.default\">\n\t\t\t\t\t<h2 class=\"elementor-heading-title elementor-size-default\">Get in touch with us!<\/h2>\t\t\t\t<\/div>\n\t\t\t\t<div class=\"elementor-element elementor-element-155c349 elementor-widget elementor-widget-heading\" data-id=\"155c349\" data-element_type=\"widget\" data-e-type=\"widget\" data-widget_type=\"heading.default\">\n\t\t\t\t\t<h2 class=\"elementor-heading-title elementor-size-default\">06-70-290-85-78<\/h2>\t\t\t\t<\/div>\n\t\t\t\t<\/div>\n\t\t<div data-particle_enable=\"false\" data-particle-mobile-disabled=\"false\" class=\"elementor-element elementor-element-ff64286 e-con-full e-flex wpr-particle-no wpr-jarallax-no wpr-parallax-no wpr-sticky-section-no wpr-equal-height-no e-con e-child\" data-id=\"ff64286\" data-element_type=\"container\" data-e-type=\"container\">\n\t\t\t\t<div class=\"elementor-element elementor-element-e36c7ce elementor-align-center elementor-widget elementor-widget-button\" data-id=\"e36c7ce\" data-element_type=\"widget\" data-e-type=\"widget\" data-widget_type=\"button.default\">\n\t\t\t\t\t\t\t\t\t\t<a class=\"elementor-button elementor-button-link elementor-size-sm\" href=\"https:\/\/www.palficargo.hu\/en\/koltoztetes-arajanlat\/\">\n\t\t\t\t\t\t<span class=\"elementor-button-content-wrapper\">\n\t\t\t\t\t\t\t\t\t<span class=\"elementor-button-text\">Express price quote<\/span>\n\t\t\t\t\t<\/span>\n\t\t\t\t\t<\/a>\n\t\t\t\t\t\t\t\t<\/div>\n\t\t\t\t<\/div>\n\t\t\t\t\t<\/div>\n\t\t\t\t<\/div>\n\t\t\t\t<\/div>","protected":false},"excerpt":{"rendered":"<p>Szolg\u00e1ltat\u00e1sok Lomtalan\u00edt\u00e1s A P\u00e1lfi Cargo lomtalan\u00edt\u00e1si szolg\u00e1ltat\u00e1sa praktikus \u00e9s hat\u00e9kony megold\u00e1st k\u00edn\u00e1l, amikor szeretne megszabadulni felesleges, terjedelmes vagy nehezen kezelt t\u00e1rgyakt\u00f3l otthon\u00e1ban, kertj\u00e9ben vagy \u00fczleti helyis\u00e9g\u00e9ben. Szolg\u00e1ltat\u00e1sunk els\u0151sorban Budapesten \u00e9s Pest megy\u00e9ben \u00e9rhet\u0151 el, rugalmas id\u0151pont-egyeztet\u00e9ssel, gyors kivitelez\u00e9ssel. A lomtalan\u00edt\u00e1s nem csup\u00e1n a \u201cnagy selejtez\u00e9s\u201d idej\u00e9n hasznos \u2013 ak\u00e1r egy k\u00f6lt\u00f6z\u00e9s, fel\u00faj\u00edt\u00e1s vagy t\u00e9li\/tavaszi nagytakar\u00edt\u00e1s kapcs\u00e1n is gyors, stresszmentes megold\u00e1st ad arra, hogy rendet teremtsen, \u00e9s megszabaduljon a felesleges holmikt\u00f3l. Mit \u00e9rt\u00fcnk lomtalan\u00edt\u00e1s alatt? A lomtalan\u00edt\u00e1s sor\u00e1n megszervezz\u00fck \u00e9s elsz\u00e1ll\u00edtjuk a nem k\u00edv\u00e1nt t\u00e1rgyakat, b\u00fatorokat \u00e9s egy\u00e9b nagym\u00e9ret\u0171 vagy nehezen kezelhet\u0151 dolgokat az \u00d6n \u00e1ltal megadott helysz\u00ednr\u0151l. C\u00e9lunk, hogy a tereket ism\u00e9t haszn\u00e1lhat\u00f3v\u00e1 \u00e9s rendezett\u00e9 tegy\u00fck. Miket sz\u00e1ll\u00edtunk el? Szolg\u00e1ltat\u00e1sunk kiterjed t\u00f6bbek k\u00f6z\u00f6tt: r\u00e9gi b\u00fatorokra, szekr\u00e9nyekre, matric\u00e1s vagy elhaszn\u00e1l\u00f3dott berendez\u00e9si t\u00e1rgyakra, haszn\u00e1laton k\u00edv\u00fcli elektronikai eszk\u00f6z\u00f6kre, \u00e9p\u00edt\u00e9si t\u00f6rmel\u00e9kt\u0151l mentes lomokra, egy\u00e9b, nem vesz\u00e9lyes \u00e9s sz\u00e1ll\u00edthat\u00f3 t\u00e1rgyakra. Vesz\u00e9lyes hullad\u00e9k elsz\u00e1ll\u00edt\u00e1sa nem lomtalan\u00edt\u00e1s Fontos tudni, hogy a lomtalan\u00edt\u00e1s nem foglalja mag\u00e1ban a vesz\u00e9lyes hullad\u00e9kok kezel\u00e9s\u00e9t, vesz\u00e9lyes anyagok elsz\u00e1ll\u00edt\u00e1s\u00e1t vagy speci\u00e1lis enged\u00e9lyhez k\u00f6t\u00f6tt t\u00e1rgyak gy\u0171jt\u00e9s\u00e9t. A szolg\u00e1ltat\u00e1s c\u00e9lja az olyan lomok gyors \u00e9s hat\u00e9kony elt\u00e1vol\u00edt\u00e1sa, amelyek norm\u00e1l k\u00f6r\u00fclm\u00e9nyek k\u00f6z\u00f6tt nehezen mozgathat\u00f3k, vagy a norm\u00e1l hullad\u00e9kkelez\u00e9si elj\u00e1r\u00e1s sor\u00e1n nem kezelhet\u0151k. Hogyan m\u0171k\u00f6dik a folyamat? Az \u00d6nnel el\u0151re egyeztetett id\u0151pontban \u00e9rkez\u00fcnk, felm\u00e9rj\u00fck a lomokat, majd gondoskodunk azok szakszer\u0171 \u00e9s biztons\u00e1gos elsz\u00e1ll\u00edt\u00e1s\u00e1r\u00f3l. Ha sz\u00fcks\u00e9ges, seg\u00edt\u00fcnk a t\u00e1rgyak helysz\u00ednen t\u00f6rt\u00e9n\u0151 \u00f6sszegy\u0171jt\u00e9s\u00e9ben \u00e9s rendszerez\u00e9s\u00e9ben is, hogy a lomtalan\u00edt\u00e1s z\u00f6kken\u0151mentesen menjen. Mi\u00e9rt v\u00e1lassza a P\u00e1lfi Cargo lomtalan\u00edt\u00e1s\u00e1t? T\u00f6bb\u00e9 nem kell egyed\u00fcl bajl\u00f3dnia a nagym\u00e9ret\u0171 holmikkal, neh\u00e9z b\u00fatorokkal vagy lomokkal. Tapasztalt csapatunk gyorsan, prec\u00edzen \u00e9s k\u00f6r\u00fcltekint\u0151en dolgozik, \u00fcgyelve mind a biztons\u00e1gra, mind a hat\u00e9konys\u00e1gra. A c\u00e9lunk, hogy \u00d6nnek a lomtalan\u00edt\u00e1s a lehet\u0151 legegyszer\u0171bb feladat legyen. Rugalmas id\u0151pontok Budapesten \u00e9s Pest megy\u00e9ben A lomtalan\u00edt\u00e1st az \u00d6n id\u0151beoszt\u00e1s\u00e1hoz igaz\u00edtjuk. Budapesti \u00e9s Pest megyei helysz\u00ednekre el\u0151re egyeztetett id\u0151pontban v\u00e1llaljuk a kisz\u00e1ll\u00e1st, legyen sz\u00f3 lak\u00f3telepi lak\u00e1sr\u00f3l, csal\u00e1di h\u00e1zr\u00f3l vagy \u00fczleti helyis\u00e9gr\u0151l. \u00c1tl\u00e1that\u00f3 \u00e1rak, korrekt felt\u00e9telek Minden lomtalan\u00edt\u00e1s el\u0151tt pontos aj\u00e1nlatot adunk, \u00edgy \u00d6n el\u0151re l\u00e1tja a teljes k\u00f6lts\u00e9get. Nincsenek rejtett k\u00f6lts\u00e9gek vagy kellemetlen meglepet\u00e9sek \u2013 mindent el\u0151re egyeztet\u00fcnk. Vegye fel vel\u00fcnk a kapcsolatot, \u00e9s k\u00e9rjen szem\u00e9lyre szabott aj\u00e1nlatot Budapesten vagy Pest megy\u00e9ben. A P\u00e1lfi Cargo c\u00e9lja, hogy a tereket \u00fajra rendezett\u00e9 \u00e9s haszn\u00e1lhat\u00f3v\u00e1 tegye az \u00d6n sz\u00e1m\u00e1ra. Express \u00e1raj\u00e1nlat L\u00e9pjen kapcsolatba vel\u00fcnk! 06-70-290-85-78 Express \u00e1raj\u00e1nlat<\/p>","protected":false},"author":1,"featured_media":0,"parent":0,"menu_order":0,"comment_status":"closed","ping_status":"closed","template":"elementor_canvas","meta":{"footnotes":""},"class_list":["post-3372","page","type-page","status-publish","hentry"],"acf":[],"_links":{"self":[{"href":"https:\/\/www.palficargo.hu\/en\/wp-json\/wp\/v2\/pages\/3372","targetHints":{"allow":["GET"]}}],"collection":[{"href":"https:\/\/www.palficargo.hu\/en\/wp-json\/wp\/v2\/pages"}],"about":[{"href":"https:\/\/www.palficargo.hu\/en\/wp-json\/wp\/v2\/types\/page"}],"author":[{"embeddable":true,"href":"https:\/\/www.palficargo.hu\/en\/wp-json\/wp\/v2\/users\/1"}],"replies":[{"embeddable":true,"href":"https:\/\/www.palficargo.hu\/en\/wp-json\/wp\/v2\/comments?post=3372"}],"version-history":[{"count":17,"href":"https:\/\/www.palficargo.hu\/en\/wp-json\/wp\/v2\/pages\/3372\/revisions"}],"predecessor-version":[{"id":5853,"href":"https:\/\/www.palficargo.hu\/en\/wp-json\/wp\/v2\/pages\/3372\/revisions\/5853"}],"wp:attachment":[{"href":"https:\/\/www.palficargo.hu\/en\/wp-json\/wp\/v2\/media?parent=3372"}],"curies":[{"name":"wp","href":"https:\/\/api.w.org\/{rel}","templated":true}]}}