{"id":3534,"date":"2025-11-10T12:50:53","date_gmt":"2025-11-10T11:50:53","guid":{"rendered":"https:\/\/www.palficargo.hu\/?page_id=3534"},"modified":"2026-03-31T07:56:04","modified_gmt":"2026-03-31T05:56:04","slug":"kepek","status":"publish","type":"page","link":"https:\/\/www.palficargo.hu\/en\/kepek","title":{"rendered":"Pictures"},"content":{"rendered":"<div data-elementor-type=\"wp-page\" data-elementor-id=\"3534\" class=\"elementor elementor-3534\" data-elementor-post-type=\"page\">\n\t\t\t\t<div data-particle_enable=\"false\" data-particle-mobile-disabled=\"false\" class=\"elementor-element elementor-element-98d2873 e-flex e-con-boxed wpr-particle-no wpr-jarallax-no wpr-parallax-no wpr-sticky-section-no wpr-equal-height-no e-con e-parent\" data-id=\"98d2873\" data-element_type=\"container\" data-e-type=\"container\" data-settings=\"{&quot;background_background&quot;:&quot;classic&quot;}\">\n\t\t\t\t\t<div class=\"e-con-inner\">\n\t\t<div data-particle_enable=\"false\" data-particle-mobile-disabled=\"false\" class=\"elementor-element elementor-element-fae373d e-con-full e-flex wpr-particle-no wpr-jarallax-no wpr-parallax-no wpr-sticky-section-no wpr-equal-height-no e-con e-child\" data-id=\"fae373d\" data-element_type=\"container\" data-e-type=\"container\">\n\t\t\t\t<div class=\"elementor-element elementor-element-29af377 elementor-widget elementor-widget-heading\" data-id=\"29af377\" data-element_type=\"widget\" data-e-type=\"widget\" data-widget_type=\"heading.default\">\n\t\t\t\t\t<h2 class=\"elementor-heading-title elementor-size-default\">Pictures<\/h2>\t\t\t\t<\/div>\n\t\t\t\t<\/div>\n\t\t\t\t\t<\/div>\n\t\t\t\t<\/div>\n\t\t<div data-particle_enable=\"false\" data-particle-mobile-disabled=\"false\" class=\"elementor-element elementor-element-9bc4500 e-con-full e-flex wpr-particle-no wpr-jarallax-no wpr-sticky-section-no wpr-equal-height-no e-con e-parent\" data-id=\"9bc4500\" data-element_type=\"container\" data-e-type=\"container\">\n\t\t<div data-particle_enable=\"false\" data-particle-mobile-disabled=\"false\" class=\"elementor-element elementor-element-bb49489 e-con-full e-flex wpr-particle-no wpr-jarallax-no wpr-parallax-no wpr-sticky-section-no wpr-equal-height-no e-con e-child\" data-id=\"bb49489\" data-element_type=\"container\" data-e-type=\"container\" data-settings=\"{&quot;animation&quot;:&quot;none&quot;}\">\n\t\t\t\t<div class=\"elementor-element elementor-element-7daa441 elementor-widget elementor-widget-gallery\" data-id=\"7daa441\" data-element_type=\"widget\" data-e-type=\"widget\" data-settings=\"{&quot;columns&quot;:3,&quot;gallery_layout&quot;:&quot;grid&quot;,&quot;columns_tablet&quot;:2,&quot;columns_mobile&quot;:1,&quot;gap&quot;:{&quot;unit&quot;:&quot;px&quot;,&quot;size&quot;:10,&quot;sizes&quot;:[]},&quot;gap_laptop&quot;:{&quot;unit&quot;:&quot;px&quot;,&quot;size&quot;:10,&quot;sizes&quot;:[]},&quot;gap_tablet&quot;:{&quot;unit&quot;:&quot;px&quot;,&quot;size&quot;:10,&quot;sizes&quot;:[]},&quot;gap_mobile&quot;:{&quot;unit&quot;:&quot;px&quot;,&quot;size&quot;:10,&quot;sizes&quot;:[]},&quot;link_to&quot;:&quot;file&quot;,&quot;aspect_ratio&quot;:&quot;3:2&quot;,&quot;content_hover_animation&quot;:&quot;fade-in&quot;}\" data-widget_type=\"gallery.default\">\n\t\t\t\t\t\t\t<div class=\"elementor-gallery__container\">\n\t\t\t\t\t\t\t<a class=\"e-gallery-item elementor-gallery-item elementor-animated-content\" href=\"https:\/\/www.palficargo.hu\/wp-content\/uploads\/2026\/03\/Messenger_creation_D2C2EFDA-F9BB-4C94-97FB-6FFEDD25707F3.jpg\" data-elementor-open-lightbox=\"yes\" data-elementor-lightbox-slideshow=\"7daa441\" data-elementor-lightbox-title=\"Messenger_creation_D2C2EFDA-F9BB-4C94-97FB-6FFEDD25707F(3)\" data-e-action-hash=\"#elementor-action%3Aaction%3Dlightbox%26settings%3DeyJpZCI6NTY1NiwidXJsIjoiaHR0cHM6XC9cL3d3dy5wYWxmaWNhcmdvLmh1XC93cC1jb250ZW50XC91cGxvYWRzXC8yMDI2XC8wM1wvTWVzc2VuZ2VyX2NyZWF0aW9uX0QyQzJFRkRBLUY5QkItNEM5NC05N0ZCLTZGRkVERDI1NzA3RjMuanBnIiwic2xpZGVzaG93IjoiN2RhYTQ0MSJ9\">\n\t\t\t\t\t<div class=\"e-gallery-image elementor-gallery-item__image\" data-thumbnail=\"https:\/\/www.palficargo.hu\/wp-content\/uploads\/2026\/03\/Messenger_creation_D2C2EFDA-F9BB-4C94-97FB-6FFEDD25707F3.jpg\" data-width=\"1024\" data-height=\"576\" aria-label=\"\" role=\"img\" ><\/div>\n\t\t\t\t\t\t\t\t\t\t\t\t\t\t<\/a>\n\t\t\t\t\t\t\t<a class=\"e-gallery-item elementor-gallery-item elementor-animated-content\" href=\"https:\/\/www.palficargo.hu\/wp-content\/uploads\/2025\/11\/P1081659.jpg\" data-elementor-open-lightbox=\"yes\" data-elementor-lightbox-slideshow=\"7daa441\" data-elementor-lightbox-title=\"P1081659\" data-e-action-hash=\"#elementor-action%3Aaction%3Dlightbox%26settings%3DeyJpZCI6NDcxMSwidXJsIjoiaHR0cHM6XC9cL3d3dy5wYWxmaWNhcmdvLmh1XC93cC1jb250ZW50XC91cGxvYWRzXC8yMDI1XC8xMVwvUDEwODE2NTkuanBnIiwic2xpZGVzaG93IjoiN2RhYTQ0MSJ9\">\n\t\t\t\t\t<div class=\"e-gallery-image elementor-gallery-item__image\" data-thumbnail=\"https:\/\/www.palficargo.hu\/wp-content\/uploads\/2025\/11\/P1081659.jpg\" data-width=\"1000\" data-height=\"561\" aria-label=\"\" role=\"img\" ><\/div>\n\t\t\t\t\t\t\t\t\t\t\t\t\t\t<\/a>\n\t\t\t\t\t\t\t<a class=\"e-gallery-item elementor-gallery-item elementor-animated-content\" href=\"https:\/\/www.palficargo.hu\/wp-content\/uploads\/2026\/03\/Messenger_creation_D2C2EFDA-F9BB-4C94-97FB-6FFEDD25707F1.jpg\" data-elementor-open-lightbox=\"yes\" data-elementor-lightbox-slideshow=\"7daa441\" data-elementor-lightbox-title=\"Messenger_creation_D2C2EFDA-F9BB-4C94-97FB-6FFEDD25707F(1)\" data-e-action-hash=\"#elementor-action%3Aaction%3Dlightbox%26settings%3DeyJpZCI6NTY1NSwidXJsIjoiaHR0cHM6XC9cL3d3dy5wYWxmaWNhcmdvLmh1XC93cC1jb250ZW50XC91cGxvYWRzXC8yMDI2XC8wM1wvTWVzc2VuZ2VyX2NyZWF0aW9uX0QyQzJFRkRBLUY5QkItNEM5NC05N0ZCLTZGRkVERDI1NzA3RjEuanBnIiwic2xpZGVzaG93IjoiN2RhYTQ0MSJ9\">\n\t\t\t\t\t<div class=\"e-gallery-image elementor-gallery-item__image\" data-thumbnail=\"https:\/\/www.palficargo.hu\/wp-content\/uploads\/2026\/03\/Messenger_creation_D2C2EFDA-F9BB-4C94-97FB-6FFEDD25707F1.jpg\" data-width=\"1024\" data-height=\"576\" aria-label=\"\" role=\"img\" ><\/div>\n\t\t\t\t\t\t\t\t\t\t\t\t\t\t<\/a>\n\t\t\t\t\t\t\t<a class=\"e-gallery-item elementor-gallery-item elementor-animated-content\" href=\"https:\/\/www.palficargo.hu\/wp-content\/uploads\/2025\/11\/P1081596.jpg\" data-elementor-open-lightbox=\"yes\" data-elementor-lightbox-slideshow=\"7daa441\" data-elementor-lightbox-title=\"P1081596\" data-e-action-hash=\"#elementor-action%3Aaction%3Dlightbox%26settings%3DeyJpZCI6NDcwOCwidXJsIjoiaHR0cHM6XC9cL3d3dy5wYWxmaWNhcmdvLmh1XC93cC1jb250ZW50XC91cGxvYWRzXC8yMDI1XC8xMVwvUDEwODE1OTYuanBnIiwic2xpZGVzaG93IjoiN2RhYTQ0MSJ9\">\n\t\t\t\t\t<div class=\"e-gallery-image elementor-gallery-item__image\" data-thumbnail=\"https:\/\/www.palficargo.hu\/wp-content\/uploads\/2025\/11\/P1081596.jpg\" data-width=\"1000\" data-height=\"561\" aria-label=\"\" role=\"img\" ><\/div>\n\t\t\t\t\t\t\t\t\t\t\t\t\t\t<\/a>\n\t\t\t\t\t\t\t<a class=\"e-gallery-item elementor-gallery-item elementor-animated-content\" href=\"https:\/\/www.palficargo.hu\/wp-content\/uploads\/2025\/11\/1B16DBAC-761B-4EB1-A01F-F1A745826DEE-1.jpg\" data-elementor-open-lightbox=\"yes\" data-elementor-lightbox-slideshow=\"7daa441\" data-elementor-lightbox-title=\"1B16DBAC-761B-4EB1-A01F-F1A745826DEE\" data-e-action-hash=\"#elementor-action%3Aaction%3Dlightbox%26settings%3DeyJpZCI6NDY5NCwidXJsIjoiaHR0cHM6XC9cL3d3dy5wYWxmaWNhcmdvLmh1XC93cC1jb250ZW50XC91cGxvYWRzXC8yMDI1XC8xMVwvMUIxNkRCQUMtNzYxQi00RUIxLUEwMUYtRjFBNzQ1ODI2REVFLTEuanBnIiwic2xpZGVzaG93IjoiN2RhYTQ0MSJ9\">\n\t\t\t\t\t<div class=\"e-gallery-image elementor-gallery-item__image\" data-thumbnail=\"https:\/\/www.palficargo.hu\/wp-content\/uploads\/2025\/11\/1B16DBAC-761B-4EB1-A01F-F1A745826DEE-1.jpg\" data-width=\"1000\" data-height=\"667\" aria-label=\"\" role=\"img\" ><\/div>\n\t\t\t\t\t\t\t\t\t\t\t\t\t\t<\/a>\n\t\t\t\t\t\t\t<a class=\"e-gallery-item elementor-gallery-item elementor-animated-content\" href=\"https:\/\/www.palficargo.hu\/wp-content\/uploads\/2025\/11\/7BF51FE7-78AF-4E96-9EB5-12BDD71251FC-1.jpg\" data-elementor-open-lightbox=\"yes\" data-elementor-lightbox-slideshow=\"7daa441\" data-elementor-lightbox-title=\"7BF51FE7-78AF-4E96-9EB5-12BDD71251FC\" data-e-action-hash=\"#elementor-action%3Aaction%3Dlightbox%26settings%3DeyJpZCI6NDY5NSwidXJsIjoiaHR0cHM6XC9cL3d3dy5wYWxmaWNhcmdvLmh1XC93cC1jb250ZW50XC91cGxvYWRzXC8yMDI1XC8xMVwvN0JGNTFGRTctNzhBRi00RTk2LTlFQjUtMTJCREQ3MTI1MUZDLTEuanBnIiwic2xpZGVzaG93IjoiN2RhYTQ0MSJ9\">\n\t\t\t\t\t<div class=\"e-gallery-image elementor-gallery-item__image\" data-thumbnail=\"https:\/\/www.palficargo.hu\/wp-content\/uploads\/2025\/11\/7BF51FE7-78AF-4E96-9EB5-12BDD71251FC-1.jpg\" data-width=\"1000\" data-height=\"667\" aria-label=\"\" role=\"img\" ><\/div>\n\t\t\t\t\t\t\t\t\t\t\t\t\t\t<\/a>\n\t\t\t\t\t\t\t<a class=\"e-gallery-item elementor-gallery-item elementor-animated-content\" href=\"https:\/\/www.palficargo.hu\/wp-content\/uploads\/2025\/11\/P1081651-1.jpg\" data-elementor-open-lightbox=\"yes\" data-elementor-lightbox-slideshow=\"7daa441\" data-elementor-lightbox-title=\"P1081651 (1)\" data-e-action-hash=\"#elementor-action%3Aaction%3Dlightbox%26settings%3DeyJpZCI6NDcwOSwidXJsIjoiaHR0cHM6XC9cL3d3dy5wYWxmaWNhcmdvLmh1XC93cC1jb250ZW50XC91cGxvYWRzXC8yMDI1XC8xMVwvUDEwODE2NTEtMS5qcGciLCJzbGlkZXNob3ciOiI3ZGFhNDQxIn0%3D\">\n\t\t\t\t\t<div class=\"e-gallery-image elementor-gallery-item__image\" data-thumbnail=\"https:\/\/www.palficargo.hu\/wp-content\/uploads\/2025\/11\/P1081651-1.jpg\" data-width=\"1000\" data-height=\"831\" aria-label=\"\" role=\"img\" ><\/div>\n\t\t\t\t\t\t\t\t\t\t\t\t\t\t<\/a>\n\t\t\t\t\t\t\t<a class=\"e-gallery-item elementor-gallery-item elementor-animated-content\" href=\"https:\/\/www.palficargo.hu\/wp-content\/uploads\/2025\/11\/46EDBD7A-44F7-42D6-A7F9-980D17FCA893-1.jpg\" data-elementor-open-lightbox=\"yes\" data-elementor-lightbox-slideshow=\"7daa441\" data-elementor-lightbox-title=\"46EDBD7A-44F7-42D6-A7F9-980D17FCA893\" data-e-action-hash=\"#elementor-action%3Aaction%3Dlightbox%26settings%3DeyJpZCI6NDY5NiwidXJsIjoiaHR0cHM6XC9cL3d3dy5wYWxmaWNhcmdvLmh1XC93cC1jb250ZW50XC91cGxvYWRzXC8yMDI1XC8xMVwvNDZFREJEN0EtNDRGNy00MkQ2LUE3RjktOTgwRDE3RkNBODkzLTEuanBnIiwic2xpZGVzaG93IjoiN2RhYTQ0MSJ9\">\n\t\t\t\t\t<div class=\"e-gallery-image elementor-gallery-item__image\" data-thumbnail=\"https:\/\/www.palficargo.hu\/wp-content\/uploads\/2025\/11\/46EDBD7A-44F7-42D6-A7F9-980D17FCA893-1.jpg\" data-width=\"1000\" data-height=\"667\" aria-label=\"\" role=\"img\" ><\/div>\n\t\t\t\t\t\t\t\t\t\t\t\t\t\t<\/a>\n\t\t\t\t\t\t\t<a class=\"e-gallery-item elementor-gallery-item elementor-animated-content\" href=\"https:\/\/www.palficargo.hu\/wp-content\/uploads\/2025\/11\/141AA3E5-B9F8-4B99-9940-B4D87F081F84-1.jpg\" data-elementor-open-lightbox=\"yes\" data-elementor-lightbox-slideshow=\"7daa441\" data-elementor-lightbox-title=\"141AA3E5-B9F8-4B99-9940-B4D87F081F84\" data-e-action-hash=\"#elementor-action%3Aaction%3Dlightbox%26settings%3DeyJpZCI6NDY5NywidXJsIjoiaHR0cHM6XC9cL3d3dy5wYWxmaWNhcmdvLmh1XC93cC1jb250ZW50XC91cGxvYWRzXC8yMDI1XC8xMVwvMTQxQUEzRTUtQjlGOC00Qjk5LTk5NDAtQjREODdGMDgxRjg0LTEuanBnIiwic2xpZGVzaG93IjoiN2RhYTQ0MSJ9\">\n\t\t\t\t\t<div class=\"e-gallery-image elementor-gallery-item__image\" data-thumbnail=\"https:\/\/www.palficargo.hu\/wp-content\/uploads\/2025\/11\/141AA3E5-B9F8-4B99-9940-B4D87F081F84-1.jpg\" data-width=\"1000\" data-height=\"667\" aria-label=\"\" role=\"img\" ><\/div>\n\t\t\t\t\t\t\t\t\t\t\t\t\t\t<\/a>\n\t\t\t\t\t\t\t<a class=\"e-gallery-item elementor-gallery-item elementor-animated-content\" href=\"https:\/\/www.palficargo.hu\/wp-content\/uploads\/2025\/11\/P1081653.jpg\" data-elementor-open-lightbox=\"yes\" data-elementor-lightbox-slideshow=\"7daa441\" data-elementor-lightbox-title=\"P1081653\" data-e-action-hash=\"#elementor-action%3Aaction%3Dlightbox%26settings%3DeyJpZCI6NDcxMCwidXJsIjoiaHR0cHM6XC9cL3d3dy5wYWxmaWNhcmdvLmh1XC93cC1jb250ZW50XC91cGxvYWRzXC8yMDI1XC8xMVwvUDEwODE2NTMuanBnIiwic2xpZGVzaG93IjoiN2RhYTQ0MSJ9\">\n\t\t\t\t\t<div class=\"e-gallery-image elementor-gallery-item__image\" data-thumbnail=\"https:\/\/www.palficargo.hu\/wp-content\/uploads\/2025\/11\/P1081653.jpg\" data-width=\"1000\" data-height=\"561\" aria-label=\"\" role=\"img\" ><\/div>\n\t\t\t\t\t\t\t\t\t\t\t\t\t\t<\/a>\n\t\t\t\t\t\t\t<a class=\"e-gallery-item elementor-gallery-item elementor-animated-content\" href=\"https:\/\/www.palficargo.hu\/wp-content\/uploads\/2025\/11\/20231109_125829-1.jpg\" data-elementor-open-lightbox=\"yes\" data-elementor-lightbox-slideshow=\"7daa441\" data-elementor-lightbox-title=\"20231109_125829\" data-e-action-hash=\"#elementor-action%3Aaction%3Dlightbox%26settings%3DeyJpZCI6NDY5OCwidXJsIjoiaHR0cHM6XC9cL3d3dy5wYWxmaWNhcmdvLmh1XC93cC1jb250ZW50XC91cGxvYWRzXC8yMDI1XC8xMVwvMjAyMzExMDlfMTI1ODI5LTEuanBnIiwic2xpZGVzaG93IjoiN2RhYTQ0MSJ9\">\n\t\t\t\t\t<div class=\"e-gallery-image elementor-gallery-item__image\" data-thumbnail=\"https:\/\/www.palficargo.hu\/wp-content\/uploads\/2025\/11\/20231109_125829-1.jpg\" data-width=\"1000\" data-height=\"750\" aria-label=\"\" role=\"img\" ><\/div>\n\t\t\t\t\t\t\t\t\t\t\t\t\t\t<\/a>\n\t\t\t\t\t\t\t<a class=\"e-gallery-item elementor-gallery-item elementor-animated-content\" href=\"https:\/\/www.palficargo.hu\/wp-content\/uploads\/2025\/11\/20240429_094438-1.jpg\" data-elementor-open-lightbox=\"yes\" data-elementor-lightbox-slideshow=\"7daa441\" data-elementor-lightbox-title=\"20240429_094438\" data-e-action-hash=\"#elementor-action%3Aaction%3Dlightbox%26settings%3DeyJpZCI6NDY5OSwidXJsIjoiaHR0cHM6XC9cL3d3dy5wYWxmaWNhcmdvLmh1XC93cC1jb250ZW50XC91cGxvYWRzXC8yMDI1XC8xMVwvMjAyNDA0MjlfMDk0NDM4LTEuanBnIiwic2xpZGVzaG93IjoiN2RhYTQ0MSJ9\">\n\t\t\t\t\t<div class=\"e-gallery-image elementor-gallery-item__image\" data-thumbnail=\"https:\/\/www.palficargo.hu\/wp-content\/uploads\/2025\/11\/20240429_094438-1.jpg\" data-width=\"1000\" data-height=\"645\" aria-label=\"\" role=\"img\" ><\/div>\n\t\t\t\t\t\t\t\t\t\t\t\t\t\t<\/a>\n\t\t\t\t\t\t\t<a class=\"e-gallery-item elementor-gallery-item elementor-animated-content\" href=\"https:\/\/www.palficargo.hu\/wp-content\/uploads\/2025\/11\/20240603_144751-1.jpg\" data-elementor-open-lightbox=\"yes\" data-elementor-lightbox-slideshow=\"7daa441\" data-elementor-lightbox-title=\"20240603_144751\" data-e-action-hash=\"#elementor-action%3Aaction%3Dlightbox%26settings%3DeyJpZCI6NDcwMCwidXJsIjoiaHR0cHM6XC9cL3d3dy5wYWxmaWNhcmdvLmh1XC93cC1jb250ZW50XC91cGxvYWRzXC8yMDI1XC8xMVwvMjAyNDA2MDNfMTQ0NzUxLTEuanBnIiwic2xpZGVzaG93IjoiN2RhYTQ0MSJ9\">\n\t\t\t\t\t<div class=\"e-gallery-image elementor-gallery-item__image\" data-thumbnail=\"https:\/\/www.palficargo.hu\/wp-content\/uploads\/2025\/11\/20240603_144751-1.jpg\" data-width=\"1000\" data-height=\"750\" aria-label=\"\" role=\"img\" ><\/div>\n\t\t\t\t\t\t\t\t\t\t\t\t\t\t<\/a>\n\t\t\t\t\t\t\t<a class=\"e-gallery-item elementor-gallery-item elementor-animated-content\" href=\"https:\/\/www.palficargo.hu\/wp-content\/uploads\/2025\/11\/P1081709.jpg\" data-elementor-open-lightbox=\"yes\" data-elementor-lightbox-slideshow=\"7daa441\" data-elementor-lightbox-title=\"P1081709\" data-e-action-hash=\"#elementor-action%3Aaction%3Dlightbox%26settings%3DeyJpZCI6NDcxMiwidXJsIjoiaHR0cHM6XC9cL3d3dy5wYWxmaWNhcmdvLmh1XC93cC1jb250ZW50XC91cGxvYWRzXC8yMDI1XC8xMVwvUDEwODE3MDkuanBnIiwic2xpZGVzaG93IjoiN2RhYTQ0MSJ9\">\n\t\t\t\t\t<div class=\"e-gallery-image elementor-gallery-item__image\" data-thumbnail=\"https:\/\/www.palficargo.hu\/wp-content\/uploads\/2025\/11\/P1081709.jpg\" data-width=\"561\" data-height=\"1000\" aria-label=\"\" role=\"img\" ><\/div>\n\t\t\t\t\t\t\t\t\t\t\t\t\t\t<\/a>\n\t\t\t\t\t\t\t<a class=\"e-gallery-item elementor-gallery-item elementor-animated-content\" href=\"https:\/\/www.palficargo.hu\/wp-content\/uploads\/2025\/11\/20251007_1357050-1.jpg\" data-elementor-open-lightbox=\"yes\" data-elementor-lightbox-slideshow=\"7daa441\" data-elementor-lightbox-title=\"20251007_135705(0)\" data-e-action-hash=\"#elementor-action%3Aaction%3Dlightbox%26settings%3DeyJpZCI6NDcwMSwidXJsIjoiaHR0cHM6XC9cL3d3dy5wYWxmaWNhcmdvLmh1XC93cC1jb250ZW50XC91cGxvYWRzXC8yMDI1XC8xMVwvMjAyNTEwMDdfMTM1NzA1MC0xLmpwZyIsInNsaWRlc2hvdyI6IjdkYWE0NDEifQ%3D%3D\">\n\t\t\t\t\t<div class=\"e-gallery-image elementor-gallery-item__image\" data-thumbnail=\"https:\/\/www.palficargo.hu\/wp-content\/uploads\/2025\/11\/20251007_1357050-1.jpg\" data-width=\"1000\" data-height=\"737\" aria-label=\"\" role=\"img\" ><\/div>\n\t\t\t\t\t\t\t\t\t\t\t\t\t\t<\/a>\n\t\t\t\t\t\t\t<a class=\"e-gallery-item elementor-gallery-item elementor-animated-content\" href=\"https:\/\/www.palficargo.hu\/wp-content\/uploads\/2025\/11\/DC69C076-7649-4019-B5A4-126252BC8E12-1.jpg\" data-elementor-open-lightbox=\"yes\" data-elementor-lightbox-slideshow=\"7daa441\" data-elementor-lightbox-title=\"DC69C076-7649-4019-B5A4-126252BC8E12\" data-e-action-hash=\"#elementor-action%3Aaction%3Dlightbox%26settings%3DeyJpZCI6NDcwMiwidXJsIjoiaHR0cHM6XC9cL3d3dy5wYWxmaWNhcmdvLmh1XC93cC1jb250ZW50XC91cGxvYWRzXC8yMDI1XC8xMVwvREM2OUMwNzYtNzY0OS00MDE5LUI1QTQtMTI2MjUyQkM4RTEyLTEuanBnIiwic2xpZGVzaG93IjoiN2RhYTQ0MSJ9\">\n\t\t\t\t\t<div class=\"e-gallery-image elementor-gallery-item__image\" data-thumbnail=\"https:\/\/www.palficargo.hu\/wp-content\/uploads\/2025\/11\/DC69C076-7649-4019-B5A4-126252BC8E12-1.jpg\" data-width=\"667\" data-height=\"1000\" aria-label=\"\" role=\"img\" ><\/div>\n\t\t\t\t\t\t\t\t\t\t\t\t\t\t<\/a>\n\t\t\t\t\t\t\t<a class=\"e-gallery-item elementor-gallery-item elementor-animated-content\" href=\"https:\/\/www.palficargo.hu\/wp-content\/uploads\/2025\/11\/file_000000002d5c620a8423fddbcf0a7d85-1.jpg\" data-elementor-open-lightbox=\"yes\" data-elementor-lightbox-slideshow=\"7daa441\" data-elementor-lightbox-title=\"file_000000002d5c620a8423fddbcf0a7d85\" data-e-action-hash=\"#elementor-action%3Aaction%3Dlightbox%26settings%3DeyJpZCI6NDcwMywidXJsIjoiaHR0cHM6XC9cL3d3dy5wYWxmaWNhcmdvLmh1XC93cC1jb250ZW50XC91cGxvYWRzXC8yMDI1XC8xMVwvZmlsZV8wMDAwMDAwMDJkNWM2MjBhODQyM2ZkZGJjZjBhN2Q4NS0xLmpwZyIsInNsaWRlc2hvdyI6IjdkYWE0NDEifQ%3D%3D\">\n\t\t\t\t\t<div class=\"e-gallery-image elementor-gallery-item__image\" data-thumbnail=\"https:\/\/www.palficargo.hu\/wp-content\/uploads\/2025\/11\/file_000000002d5c620a8423fddbcf0a7d85-1.jpg\" data-width=\"1000\" data-height=\"667\" aria-label=\"\" role=\"img\" ><\/div>\n\t\t\t\t\t\t\t\t\t\t\t\t\t\t<\/a>\n\t\t\t\t\t\t\t<a class=\"e-gallery-item elementor-gallery-item elementor-animated-content\" href=\"https:\/\/www.palficargo.hu\/wp-content\/uploads\/2025\/11\/IMG_20230323_153321-1.jpg\" data-elementor-open-lightbox=\"yes\" data-elementor-lightbox-slideshow=\"7daa441\" data-elementor-lightbox-title=\"IMG_20230323_153321\" data-e-action-hash=\"#elementor-action%3Aaction%3Dlightbox%26settings%3DeyJpZCI6NDcwNCwidXJsIjoiaHR0cHM6XC9cL3d3dy5wYWxmaWNhcmdvLmh1XC93cC1jb250ZW50XC91cGxvYWRzXC8yMDI1XC8xMVwvSU1HXzIwMjMwMzIzXzE1MzMyMS0xLmpwZyIsInNsaWRlc2hvdyI6IjdkYWE0NDEifQ%3D%3D\">\n\t\t\t\t\t<div class=\"e-gallery-image elementor-gallery-item__image\" data-thumbnail=\"https:\/\/www.palficargo.hu\/wp-content\/uploads\/2025\/11\/IMG_20230323_153321-1.jpg\" data-width=\"1000\" data-height=\"750\" aria-label=\"\" role=\"img\" ><\/div>\n\t\t\t\t\t\t\t\t\t\t\t\t\t\t<\/a>\n\t\t\t\t\t\t\t<a class=\"e-gallery-item elementor-gallery-item elementor-animated-content\" href=\"https:\/\/www.palficargo.hu\/wp-content\/uploads\/2025\/11\/IMG_20230330_133317-1.jpg\" data-elementor-open-lightbox=\"yes\" data-elementor-lightbox-slideshow=\"7daa441\" data-elementor-lightbox-title=\"IMG_20230330_133317\" data-e-action-hash=\"#elementor-action%3Aaction%3Dlightbox%26settings%3DeyJpZCI6NDcwNSwidXJsIjoiaHR0cHM6XC9cL3d3dy5wYWxmaWNhcmdvLmh1XC93cC1jb250ZW50XC91cGxvYWRzXC8yMDI1XC8xMVwvSU1HXzIwMjMwMzMwXzEzMzMxNy0xLmpwZyIsInNsaWRlc2hvdyI6IjdkYWE0NDEifQ%3D%3D\">\n\t\t\t\t\t<div class=\"e-gallery-image elementor-gallery-item__image\" data-thumbnail=\"https:\/\/www.palficargo.hu\/wp-content\/uploads\/2025\/11\/IMG_20230330_133317-1.jpg\" data-width=\"1000\" data-height=\"750\" aria-label=\"\u00c9p\u00edt\u0151anyag h\u00e1zhozsz\u00e1ll\u00edt\u00e1s \u00e9s behord\u00e1s\" role=\"img\" ><\/div>\n\t\t\t\t\t\t\t\t\t\t\t\t\t\t<\/a>\n\t\t\t\t\t\t\t<a class=\"e-gallery-item elementor-gallery-item elementor-animated-content\" href=\"https:\/\/www.palficargo.hu\/wp-content\/uploads\/2025\/11\/Messenger_creation_3f266230-a53b-42d7-abe9-3ca3777b7bcd-1.jpg\" data-elementor-open-lightbox=\"yes\" data-elementor-lightbox-slideshow=\"7daa441\" data-elementor-lightbox-title=\"Messenger_creation_3f266230-a53b-42d7-abe9-3ca3777b7bcd\" data-e-action-hash=\"#elementor-action%3Aaction%3Dlightbox%26settings%3DeyJpZCI6NDcwNiwidXJsIjoiaHR0cHM6XC9cL3d3dy5wYWxmaWNhcmdvLmh1XC93cC1jb250ZW50XC91cGxvYWRzXC8yMDI1XC8xMVwvTWVzc2VuZ2VyX2NyZWF0aW9uXzNmMjY2MjMwLWE1M2ItNDJkNy1hYmU5LTNjYTM3NzdiN2JjZC0xLmpwZyIsInNsaWRlc2hvdyI6IjdkYWE0NDEifQ%3D%3D\">\n\t\t\t\t\t<div class=\"e-gallery-image elementor-gallery-item__image\" data-thumbnail=\"https:\/\/www.palficargo.hu\/wp-content\/uploads\/2025\/11\/Messenger_creation_3f266230-a53b-42d7-abe9-3ca3777b7bcd-1.jpg\" data-width=\"750\" data-height=\"1000\" aria-label=\"\" role=\"img\" ><\/div>\n\t\t\t\t\t\t\t\t\t\t\t\t\t\t<\/a>\n\t\t\t\t\t\t\t<a class=\"e-gallery-item elementor-gallery-item elementor-animated-content\" href=\"https:\/\/www.palficargo.hu\/wp-content\/uploads\/2025\/11\/Messenger_creation_31d11610-5fb3-4398-850c-c04f4826a4df-1.jpg\" data-elementor-open-lightbox=\"yes\" data-elementor-lightbox-slideshow=\"7daa441\" data-elementor-lightbox-title=\"Messenger_creation_31d11610-5fb3-4398-850c-c04f4826a4df\" data-e-action-hash=\"#elementor-action%3Aaction%3Dlightbox%26settings%3DeyJpZCI6NDcwNywidXJsIjoiaHR0cHM6XC9cL3d3dy5wYWxmaWNhcmdvLmh1XC93cC1jb250ZW50XC91cGxvYWRzXC8yMDI1XC8xMVwvTWVzc2VuZ2VyX2NyZWF0aW9uXzMxZDExNjEwLTVmYjMtNDM5OC04NTBjLWMwNGY0ODI2YTRkZi0xLmpwZyIsInNsaWRlc2hvdyI6IjdkYWE0NDEifQ%3D%3D\">\n\t\t\t\t\t<div class=\"e-gallery-image elementor-gallery-item__image\" data-thumbnail=\"https:\/\/www.palficargo.hu\/wp-content\/uploads\/2025\/11\/Messenger_creation_31d11610-5fb3-4398-850c-c04f4826a4df-1.jpg\" data-width=\"1000\" data-height=\"750\" aria-label=\"\" role=\"img\" ><\/div>\n\t\t\t\t\t\t\t\t\t\t\t\t\t\t<\/a>\n\t\t\t\t\t\t\t<a class=\"e-gallery-item elementor-gallery-item elementor-animated-content\" href=\"https:\/\/www.palficargo.hu\/wp-content\/uploads\/2025\/11\/received_764288298998629-1.jpg\" data-elementor-open-lightbox=\"yes\" data-elementor-lightbox-slideshow=\"7daa441\" data-elementor-lightbox-title=\"received_764288298998629\" data-e-action-hash=\"#elementor-action%3Aaction%3Dlightbox%26settings%3DeyJpZCI6NDcxMywidXJsIjoiaHR0cHM6XC9cL3d3dy5wYWxmaWNhcmdvLmh1XC93cC1jb250ZW50XC91cGxvYWRzXC8yMDI1XC8xMVwvcmVjZWl2ZWRfNzY0Mjg4Mjk4OTk4NjI5LTEuanBnIiwic2xpZGVzaG93IjoiN2RhYTQ0MSJ9\">\n\t\t\t\t\t<div class=\"e-gallery-image elementor-gallery-item__image\" data-thumbnail=\"https:\/\/www.palficargo.hu\/wp-content\/uploads\/2025\/11\/received_764288298998629-1.jpg\" data-width=\"750\" data-height=\"1000\" aria-label=\"\" role=\"img\" ><\/div>\n\t\t\t\t\t\t\t\t\t\t\t\t\t\t<\/a>\n\t\t\t\t\t\t\t<a class=\"e-gallery-item elementor-gallery-item elementor-animated-content\" href=\"https:\/\/www.palficargo.hu\/wp-content\/uploads\/2025\/11\/received_843763784324722-1.jpg\" data-elementor-open-lightbox=\"yes\" data-elementor-lightbox-slideshow=\"7daa441\" data-elementor-lightbox-title=\"received_843763784324722\" data-e-action-hash=\"#elementor-action%3Aaction%3Dlightbox%26settings%3DeyJpZCI6NDcxNCwidXJsIjoiaHR0cHM6XC9cL3d3dy5wYWxmaWNhcmdvLmh1XC93cC1jb250ZW50XC91cGxvYWRzXC8yMDI1XC8xMVwvcmVjZWl2ZWRfODQzNzYzNzg0MzI0NzIyLTEuanBnIiwic2xpZGVzaG93IjoiN2RhYTQ0MSJ9\">\n\t\t\t\t\t<div class=\"e-gallery-image elementor-gallery-item__image\" data-thumbnail=\"https:\/\/www.palficargo.hu\/wp-content\/uploads\/2025\/11\/received_843763784324722-1.jpg\" data-width=\"1000\" data-height=\"750\" aria-label=\"\" role=\"img\" ><\/div>\n\t\t\t\t\t\t\t\t\t\t\t\t\t\t<\/a>\n\t\t\t\t\t\t\t<a class=\"e-gallery-item elementor-gallery-item elementor-animated-content\" href=\"https:\/\/www.palficargo.hu\/wp-content\/uploads\/2025\/11\/received_2216428478859430-1.jpg\" data-elementor-open-lightbox=\"yes\" data-elementor-lightbox-slideshow=\"7daa441\" data-elementor-lightbox-title=\"received_2216428478859430\" data-e-action-hash=\"#elementor-action%3Aaction%3Dlightbox%26settings%3DeyJpZCI6NDcxNSwidXJsIjoiaHR0cHM6XC9cL3d3dy5wYWxmaWNhcmdvLmh1XC93cC1jb250ZW50XC91cGxvYWRzXC8yMDI1XC8xMVwvcmVjZWl2ZWRfMjIxNjQyODQ3ODg1OTQzMC0xLmpwZyIsInNsaWRlc2hvdyI6IjdkYWE0NDEifQ%3D%3D\">\n\t\t\t\t\t<div class=\"e-gallery-image elementor-gallery-item__image\" data-thumbnail=\"https:\/\/www.palficargo.hu\/wp-content\/uploads\/2025\/11\/received_2216428478859430-1.jpg\" data-width=\"1000\" data-height=\"750\" aria-label=\"\" role=\"img\" ><\/div>\n\t\t\t\t\t\t\t\t\t\t\t\t\t\t<\/a>\n\t\t\t\t\t\t\t<a class=\"e-gallery-item elementor-gallery-item elementor-animated-content\" href=\"https:\/\/www.palficargo.hu\/wp-content\/uploads\/2025\/11\/received_3359381600863171-1.jpg\" data-elementor-open-lightbox=\"yes\" data-elementor-lightbox-slideshow=\"7daa441\" data-elementor-lightbox-title=\"received_3359381600863171\" data-e-action-hash=\"#elementor-action%3Aaction%3Dlightbox%26settings%3DeyJpZCI6NDcxNiwidXJsIjoiaHR0cHM6XC9cL3d3dy5wYWxmaWNhcmdvLmh1XC93cC1jb250ZW50XC91cGxvYWRzXC8yMDI1XC8xMVwvcmVjZWl2ZWRfMzM1OTM4MTYwMDg2MzE3MS0xLmpwZyIsInNsaWRlc2hvdyI6IjdkYWE0NDEifQ%3D%3D\">\n\t\t\t\t\t<div class=\"e-gallery-image elementor-gallery-item__image\" data-thumbnail=\"https:\/\/www.palficargo.hu\/wp-content\/uploads\/2025\/11\/received_3359381600863171-1.jpg\" data-width=\"1000\" data-height=\"750\" aria-label=\"\" role=\"img\" ><\/div>\n\t\t\t\t\t\t\t\t\t\t\t\t\t\t<\/a>\n\t\t\t\t\t<\/div>\n\t\t\t\t\t<\/div>\n\t\t\t\t<\/div>\n\t\t\t\t<\/div>\n\t\t\t\t<\/div>","protected":false},"excerpt":{"rendered":"<p>Pictures<\/p>","protected":false},"author":1,"featured_media":0,"parent":0,"menu_order":0,"comment_status":"closed","ping_status":"closed","template":"elementor_canvas","meta":{"footnotes":""},"class_list":["post-3534","page","type-page","status-publish","hentry"],"acf":[],"_links":{"self":[{"href":"https:\/\/www.palficargo.hu\/en\/wp-json\/wp\/v2\/pages\/3534","targetHints":{"allow":["GET"]}}],"collection":[{"href":"https:\/\/www.palficargo.hu\/en\/wp-json\/wp\/v2\/pages"}],"about":[{"href":"https:\/\/www.palficargo.hu\/en\/wp-json\/wp\/v2\/types\/page"}],"author":[{"embeddable":true,"href":"https:\/\/www.palficargo.hu\/en\/wp-json\/wp\/v2\/users\/1"}],"replies":[{"embeddable":true,"href":"https:\/\/www.palficargo.hu\/en\/wp-json\/wp\/v2\/comments?post=3534"}],"version-history":[{"count":9,"href":"https:\/\/www.palficargo.hu\/en\/wp-json\/wp\/v2\/pages\/3534\/revisions"}],"predecessor-version":[{"id":5850,"href":"https:\/\/www.palficargo.hu\/en\/wp-json\/wp\/v2\/pages\/3534\/revisions\/5850"}],"wp:attachment":[{"href":"https:\/\/www.palficargo.hu\/en\/wp-json\/wp\/v2\/media?parent=3534"}],"curies":[{"name":"wp","href":"https:\/\/api.w.org\/{rel}","templated":true}]}}